{"id":1080,"date":"2022-07-03T13:02:14","date_gmt":"2022-07-03T11:02:14","guid":{"rendered":"https:\/\/www.fernsteinsee.at\/info\/?page_id=1080"},"modified":"2026-02-10T15:40:40","modified_gmt":"2026-02-10T14:40:40","slug":"naturresort-camping","status":"publish","type":"page","link":"https:\/\/www.fernsteinsee.at\/info\/naturresort-camping\/","title":{"rendered":"Naturresort Camping"},"content":{"rendered":"<div class=\"wpb-content-wrapper\"><section class=\"l-section wpb_row us_custom_dfddb007 height_custom\"><div class=\"l-section-h i-cf\"><div class=\"g-cols vc_row via_grid cols_1 laptops-cols_inherit tablets-cols_inherit mobiles-cols_1 valign_top type_default stacking_default\"><div class=\"wpb_column vc_column_container us_custom_6e4478d3 has_bg_color\"><div class=\"vc_column-inner\"><div class=\"wpb_text_column us_custom_0269de41\"><div class=\"wpb_wrapper\"><p><span style=\"font-family: arial; font-size: 18pt; color: #d0bb79;\">Ferien im Naturresort<\/span><\/p>\n<p><span style=\"color: #d0bb79; font-family: arial, helvetica, sans-serif;\"><strong>IHR NATURRESORT (280.000\u00a0 m\u00b2)<\/strong><\/span><\/p>\n<p><span style=\"font-family: arial;\">Fernsteinsee \u2013 ein Platz, wo K\u00f6rper, Geist und Seele sich rundum erholen k\u00f6nnen. Wo die reine Bergluft die Lebensgeister wieder weckt. Wo die Lust an der Bewegung in frischer Luft in einer Umgebung mit kristallklaren Seen von ganz allein kommt. Das Resort umfasst ein riesiges Areal von 280.000 m\u00b2 mit unverdorbener Natur und drei Seen das ihnen zu ihrer Regeneration zur Verf\u00fcgung steht. Sie wandern und spazieren um die Seen, entdecken auf einer Insel eine alte Burg und werden in eine Zeit versetzt in der die Natur noch in Ordnung war. Ihnen steht eine reichhaltige Palette von M\u00f6glichkeiten von Aktivit\u00e4ten zur Entspannung und zum Sport zur Verf\u00fcgung.<\/span><\/p>\n<table style=\"border-collapse: collapse; width: 100%;\">\n<tbody>\n<tr>\n<td style=\"width: 100%; border-style: solid; border-color: #fcfcfc;\">\n\t\t<!-- MasterSlider -->\n\t\t<div id=\"P_MS6a04770177cde\" class=\"master-slider-parent ms-parent-id-35\" style=\"max-width:1500px;\" >\n\n\t\t\t\n\t\t\t<!-- MasterSlider Main -->\n\t\t\t<div id=\"MS6a04770177cde\" class=\"master-slider ms-skin-default\" >\n\t\t\t\t \t\t\t\t \n\n\t\t\t<div  class=\"ms-slide\" data-delay=\"3\" data-fill-mode=\"fill\"   >\n\t\t\t\t\t<img decoding=\"async\" src=\"https:\/\/www.fernsteinsee.at\/info\/wp-content\/plugins\/masterslider\/public\/assets\/css\/blank.gif\" alt=\"\" title=\"2020-12-15-panorama_web\" data-src=\"https:\/\/www.fernsteinsee.at\/info\/wp-content\/uploads\/2022\/07\/2020-12-15-panorama_web.jpg\" \/>\n\n\n\t<img decoding=\"async\" class=\"ms-thumb\" src=\"https:\/\/www.fernsteinsee.at\/info\/wp-content\/uploads\/2022\/07\/2020-12-15-panorama_web-200x200.jpg\" alt=\"\" \/>\n\t\t\t\t<\/div>\n\t\t\t<div  class=\"ms-slide\" data-delay=\"3\" data-fill-mode=\"fill\"   >\n\t\t\t\t\t<img decoding=\"async\" src=\"https:\/\/www.fernsteinsee.at\/info\/wp-content\/plugins\/masterslider\/public\/assets\/css\/blank.gif\" alt=\"\" title=\"IMG_20220511_115709_00_012.jpg\" data-src=\"https:\/\/www.fernsteinsee.at\/info\/wp-content\/uploads\/2022\/07\/2022-05-11-115709_00_012.jpg\" \/>\n\n\n\t<img decoding=\"async\" class=\"ms-thumb\" src=\"https:\/\/www.fernsteinsee.at\/info\/wp-content\/uploads\/2022\/07\/2022-05-11-115709_00_012-200x200.jpg\" alt=\"\" \/>\n\t\t\t\t<\/div>\n\t\t\t<div  class=\"ms-slide\" data-delay=\"3\" data-fill-mode=\"fill\"   >\n\t\t\t\t\t<img decoding=\"async\" src=\"https:\/\/www.fernsteinsee.at\/info\/wp-content\/plugins\/masterslider\/public\/assets\/css\/blank.gif\" alt=\"\" title=\"IMG_20220511_115802_00_013.jpg\" data-src=\"https:\/\/www.fernsteinsee.at\/info\/wp-content\/uploads\/2022\/07\/2022-05-11-115802_00_013.jpg\" \/>\n\n\n\t<img decoding=\"async\" class=\"ms-thumb\" src=\"https:\/\/www.fernsteinsee.at\/info\/wp-content\/uploads\/2022\/07\/2022-05-11-115802_00_013-200x200.jpg\" alt=\"\" \/>\n\t\t\t\t<\/div>\n\t\t\t<div  class=\"ms-slide\" data-delay=\"3\" data-fill-mode=\"fill\"   >\n\t\t\t\t\t<img decoding=\"async\" src=\"https:\/\/www.fernsteinsee.at\/info\/wp-content\/plugins\/masterslider\/public\/assets\/css\/blank.gif\" alt=\"\" title=\"2022-05-11-124734_00_052_web\" data-src=\"https:\/\/www.fernsteinsee.at\/info\/wp-content\/uploads\/2022\/07\/2022-05-11-124734_00_052_web.jpg\" \/>\n\n\n\t<img decoding=\"async\" class=\"ms-thumb\" src=\"https:\/\/www.fernsteinsee.at\/info\/wp-content\/uploads\/2022\/07\/2022-05-11-124734_00_052_web-200x200.jpg\" alt=\"\" \/>\n\t\t\t\t<\/div>\n\t\t\t<div  class=\"ms-slide\" data-delay=\"3\" data-fill-mode=\"fill\"   >\n\t\t\t\t\t<img decoding=\"async\" src=\"https:\/\/www.fernsteinsee.at\/info\/wp-content\/plugins\/masterslider\/public\/assets\/css\/blank.gif\" alt=\"\" title=\"2018-03-25-DSC0805\" data-src=\"https:\/\/www.fernsteinsee.at\/info\/wp-content\/uploads\/2022\/07\/2018-03-25-DSC0805.jpg\" \/>\n\n\n\t<img decoding=\"async\" class=\"ms-thumb\" src=\"https:\/\/www.fernsteinsee.at\/info\/wp-content\/uploads\/2022\/07\/2018-03-25-DSC0805-200x200.jpg\" alt=\"\" \/>\n\t\t\t\t<\/div>\n\t\t\t<div  class=\"ms-slide\" data-delay=\"3\" data-fill-mode=\"fill\"   >\n\t\t\t\t\t<img decoding=\"async\" src=\"https:\/\/www.fernsteinsee.at\/info\/wp-content\/plugins\/masterslider\/public\/assets\/css\/blank.gif\" alt=\"\" title=\"2020-11-07-DSC7011_web\" data-src=\"https:\/\/www.fernsteinsee.at\/info\/wp-content\/uploads\/2022\/07\/2020-11-07-DSC7011_web.jpg\" \/>\n\n\n\t<img decoding=\"async\" class=\"ms-thumb\" src=\"https:\/\/www.fernsteinsee.at\/info\/wp-content\/uploads\/2022\/07\/2020-11-07-DSC7011_web-200x200.jpg\" alt=\"\" \/>\n\t\t\t\t<\/div>\n\t\t\t<div  class=\"ms-slide\" data-delay=\"3\" data-fill-mode=\"fill\"   >\n\t\t\t\t\t<img decoding=\"async\" src=\"https:\/\/www.fernsteinsee.at\/info\/wp-content\/plugins\/masterslider\/public\/assets\/css\/blank.gif\" alt=\"\" title=\"2020-12-15-g_ferienpark_boot_Knoedler_05_web\" data-src=\"https:\/\/www.fernsteinsee.at\/info\/wp-content\/uploads\/2022\/07\/2020-12-15-g_ferienpark_boot_Knoedler_05_web.jpg\" \/>\n\n\n\t<img decoding=\"async\" class=\"ms-thumb\" src=\"https:\/\/www.fernsteinsee.at\/info\/wp-content\/uploads\/2022\/07\/2020-12-15-g_ferienpark_boot_Knoedler_05_web-200x200.jpg\" alt=\"\" \/>\n\t\t\t\t<\/div>\n\t\t\t<div  class=\"ms-slide\" data-delay=\"3\" data-fill-mode=\"fill\"   >\n\t\t\t\t\t<img decoding=\"async\" src=\"https:\/\/www.fernsteinsee.at\/info\/wp-content\/plugins\/masterslider\/public\/assets\/css\/blank.gif\" alt=\"\" title=\"2020-12-16-20190423_095854_web\" data-src=\"https:\/\/www.fernsteinsee.at\/info\/wp-content\/uploads\/2022\/07\/2020-12-16-20190423_095854_web.jpg\" \/>\n\n\n\t<img decoding=\"async\" class=\"ms-thumb\" src=\"https:\/\/www.fernsteinsee.at\/info\/wp-content\/uploads\/2022\/07\/2020-12-16-20190423_095854_web-200x200.jpg\" alt=\"\" \/>\n\t\t\t\t<\/div>\n\t\t\t<div  class=\"ms-slide\" data-delay=\"3\" data-fill-mode=\"fill\"   >\n\t\t\t\t\t<img decoding=\"async\" src=\"https:\/\/www.fernsteinsee.at\/info\/wp-content\/plugins\/masterslider\/public\/assets\/css\/blank.gif\" alt=\"\" title=\"2020-12-16-Erpel-im-Flug\" data-src=\"https:\/\/www.fernsteinsee.at\/info\/wp-content\/uploads\/2022\/07\/2020-12-16-Erpel-im-Flug.jpg\" \/>\n\n\n\t<img decoding=\"async\" class=\"ms-thumb\" src=\"https:\/\/www.fernsteinsee.at\/info\/wp-content\/uploads\/2022\/07\/2020-12-16-Erpel-im-Flug-200x200.jpg\" alt=\"\" \/>\n\t\t\t\t<\/div>\n\t\t\t<div  class=\"ms-slide\" data-delay=\"3\" data-fill-mode=\"fill\"   >\n\t\t\t\t\t<img decoding=\"async\" src=\"https:\/\/www.fernsteinsee.at\/info\/wp-content\/plugins\/masterslider\/public\/assets\/css\/blank.gif\" alt=\"\" title=\"2021-08-07-DJI_0597_web\" data-src=\"https:\/\/www.fernsteinsee.at\/info\/wp-content\/uploads\/2022\/07\/2021-08-07-DJI_0597_web.jpg\" \/>\n\n\n\t<img decoding=\"async\" class=\"ms-thumb\" src=\"https:\/\/www.fernsteinsee.at\/info\/wp-content\/uploads\/2022\/07\/2021-08-07-DJI_0597_web-200x200.jpg\" alt=\"\" \/>\n\t\t\t\t<\/div>\n\t\t\t<div  class=\"ms-slide\" data-delay=\"3\" data-fill-mode=\"fill\"   >\n\t\t\t\t\t<img decoding=\"async\" src=\"https:\/\/www.fernsteinsee.at\/info\/wp-content\/plugins\/masterslider\/public\/assets\/css\/blank.gif\" alt=\"\" title=\"IMG_20220511_120156_00_018.jpg\" data-src=\"https:\/\/www.fernsteinsee.at\/info\/wp-content\/uploads\/2022\/07\/2022-05-11-120156_00_018.jpg\" \/>\n\n\n\t<img decoding=\"async\" class=\"ms-thumb\" src=\"https:\/\/www.fernsteinsee.at\/info\/wp-content\/uploads\/2022\/07\/2022-05-11-120156_00_018-200x200.jpg\" alt=\"\" \/>\n\t\t\t\t<\/div>\n\t\t\t<div  class=\"ms-slide\" data-delay=\"3\" data-fill-mode=\"fill\"   >\n\t\t\t\t\t<img decoding=\"async\" src=\"https:\/\/www.fernsteinsee.at\/info\/wp-content\/plugins\/masterslider\/public\/assets\/css\/blank.gif\" alt=\"\" title=\"IMG_20220511_120259_00_021.jpg\" data-src=\"https:\/\/www.fernsteinsee.at\/info\/wp-content\/uploads\/2022\/07\/2022-05-11-120259_00_021.jpg\" \/>\n\n\n\t<img decoding=\"async\" class=\"ms-thumb\" src=\"https:\/\/www.fernsteinsee.at\/info\/wp-content\/uploads\/2022\/07\/2022-05-11-120259_00_021-200x200.jpg\" alt=\"\" \/>\n\t\t\t\t<\/div>\n\t\t\t<div  class=\"ms-slide\" data-delay=\"3\" data-fill-mode=\"fill\"   >\n\t\t\t\t\t<img decoding=\"async\" src=\"https:\/\/www.fernsteinsee.at\/info\/wp-content\/plugins\/masterslider\/public\/assets\/css\/blank.gif\" alt=\"\" title=\"IMG_20220511_121036_00_023.jpg\" data-src=\"https:\/\/www.fernsteinsee.at\/info\/wp-content\/uploads\/2022\/07\/2022-05-11-121036_00_023.jpg\" \/>\n\n\n\t<img decoding=\"async\" class=\"ms-thumb\" src=\"https:\/\/www.fernsteinsee.at\/info\/wp-content\/uploads\/2022\/07\/2022-05-11-121036_00_023-200x200.jpg\" alt=\"\" \/>\n\t\t\t\t<\/div>\n\t\t\t<div  class=\"ms-slide\" data-delay=\"3\" data-fill-mode=\"fill\"   >\n\t\t\t\t\t<img decoding=\"async\" src=\"https:\/\/www.fernsteinsee.at\/info\/wp-content\/plugins\/masterslider\/public\/assets\/css\/blank.gif\" alt=\"\" title=\"IMG_20220511_121625_00_026.jpg\" data-src=\"https:\/\/www.fernsteinsee.at\/info\/wp-content\/uploads\/2022\/07\/2022-05-11-121625_00_026.jpg\" \/>\n\n\n\t<img decoding=\"async\" class=\"ms-thumb\" src=\"https:\/\/www.fernsteinsee.at\/info\/wp-content\/uploads\/2022\/07\/2022-05-11-121625_00_026-200x200.jpg\" alt=\"\" \/>\n\t\t\t\t<\/div>\n\t\t\t<div  class=\"ms-slide\" data-delay=\"3\" data-fill-mode=\"fill\"   >\n\t\t\t\t\t<img decoding=\"async\" src=\"https:\/\/www.fernsteinsee.at\/info\/wp-content\/plugins\/masterslider\/public\/assets\/css\/blank.gif\" alt=\"\" title=\"IMG_20220511_122033_00_030.jpg\" data-src=\"https:\/\/www.fernsteinsee.at\/info\/wp-content\/uploads\/2022\/07\/2022-05-11-122033_00_030.jpg\" \/>\n\n\n\t<img decoding=\"async\" class=\"ms-thumb\" src=\"https:\/\/www.fernsteinsee.at\/info\/wp-content\/uploads\/2022\/07\/2022-05-11-122033_00_030-200x200.jpg\" alt=\"\" \/>\n\t\t\t\t<\/div>\n\t\t\t<div  class=\"ms-slide\" data-delay=\"3\" data-fill-mode=\"fill\"   >\n\t\t\t\t\t<img decoding=\"async\" src=\"https:\/\/www.fernsteinsee.at\/info\/wp-content\/plugins\/masterslider\/public\/assets\/css\/blank.gif\" alt=\"\" title=\"IMG_20220511_122330_00_035.jpg\" data-src=\"https:\/\/www.fernsteinsee.at\/info\/wp-content\/uploads\/2022\/07\/2022-05-11-122330_00_035.jpg\" \/>\n\n\n\t<img decoding=\"async\" class=\"ms-thumb\" src=\"https:\/\/www.fernsteinsee.at\/info\/wp-content\/uploads\/2022\/07\/2022-05-11-122330_00_035-200x200.jpg\" alt=\"\" \/>\n\t\t\t\t<\/div>\n\t\t\t<div  class=\"ms-slide\" data-delay=\"3\" data-fill-mode=\"fill\"   >\n\t\t\t\t\t<img decoding=\"async\" src=\"https:\/\/www.fernsteinsee.at\/info\/wp-content\/plugins\/masterslider\/public\/assets\/css\/blank.gif\" alt=\"\" title=\"IMG_20220511_123213_00_039.jpg\" data-src=\"https:\/\/www.fernsteinsee.at\/info\/wp-content\/uploads\/2022\/07\/2022-05-11-123213_00_039.jpg\" \/>\n\n\n\t<img decoding=\"async\" class=\"ms-thumb\" src=\"https:\/\/www.fernsteinsee.at\/info\/wp-content\/uploads\/2022\/07\/2022-05-11-123213_00_039-200x200.jpg\" alt=\"\" \/>\n\t\t\t\t<\/div>\n\t\t\t<div  class=\"ms-slide\" data-delay=\"3\" data-fill-mode=\"fill\"   >\n\t\t\t\t\t<img decoding=\"async\" src=\"https:\/\/www.fernsteinsee.at\/info\/wp-content\/plugins\/masterslider\/public\/assets\/css\/blank.gif\" alt=\"\" title=\"IMG_20220511_123524_00_045.jpg\" data-src=\"https:\/\/www.fernsteinsee.at\/info\/wp-content\/uploads\/2022\/07\/2022-05-11-123524_00_045.jpg\" \/>\n\n\n\t<img decoding=\"async\" class=\"ms-thumb\" src=\"https:\/\/www.fernsteinsee.at\/info\/wp-content\/uploads\/2022\/07\/2022-05-11-123524_00_045-200x200.jpg\" alt=\"\" \/>\n\t\t\t\t<\/div>\n\t\t\t<div  class=\"ms-slide\" data-delay=\"3\" data-fill-mode=\"fill\"   >\n\t\t\t\t\t<img decoding=\"async\" src=\"https:\/\/www.fernsteinsee.at\/info\/wp-content\/plugins\/masterslider\/public\/assets\/css\/blank.gif\" alt=\"\" title=\"2022-05-11-123935_00_046\" data-src=\"https:\/\/www.fernsteinsee.at\/info\/wp-content\/uploads\/2022\/07\/2022-05-11-123935_00_046.jpg\" \/>\n\n\n\t<img decoding=\"async\" class=\"ms-thumb\" src=\"https:\/\/www.fernsteinsee.at\/info\/wp-content\/uploads\/2022\/07\/2022-05-11-123935_00_046-200x200.jpg\" alt=\"\" \/>\n\t\t\t\t<\/div>\n\t\t\t<div  class=\"ms-slide\" data-delay=\"3\" data-fill-mode=\"fill\"   >\n\t\t\t\t\t<img decoding=\"async\" src=\"https:\/\/www.fernsteinsee.at\/info\/wp-content\/plugins\/masterslider\/public\/assets\/css\/blank.gif\" alt=\"\" title=\"IMG_20220511_124034_00_047.jpg\" data-src=\"https:\/\/www.fernsteinsee.at\/info\/wp-content\/uploads\/2022\/07\/2022-05-11-124034_00_047.jpg\" \/>\n\n\n\t<img decoding=\"async\" class=\"ms-thumb\" src=\"https:\/\/www.fernsteinsee.at\/info\/wp-content\/uploads\/2022\/07\/2022-05-11-124034_00_047-200x200.jpg\" alt=\"\" \/>\n\t\t\t\t<\/div>\n\t\t\t<div  class=\"ms-slide\" data-delay=\"3\" data-fill-mode=\"fill\"   >\n\t\t\t\t\t<img decoding=\"async\" src=\"https:\/\/www.fernsteinsee.at\/info\/wp-content\/plugins\/masterslider\/public\/assets\/css\/blank.gif\" alt=\"\" title=\"2022-05-11-124119_00_048\" data-src=\"https:\/\/www.fernsteinsee.at\/info\/wp-content\/uploads\/2022\/07\/2022-05-11-124119_00_048.jpg\" \/>\n\n\n\t<img decoding=\"async\" class=\"ms-thumb\" src=\"https:\/\/www.fernsteinsee.at\/info\/wp-content\/uploads\/2022\/07\/2022-05-11-124119_00_048-200x200.jpg\" alt=\"\" \/>\n\t\t\t\t<\/div>\n\t\t\t<div  class=\"ms-slide\" data-delay=\"3\" data-fill-mode=\"fill\"   >\n\t\t\t\t\t<img decoding=\"async\" src=\"https:\/\/www.fernsteinsee.at\/info\/wp-content\/plugins\/masterslider\/public\/assets\/css\/blank.gif\" alt=\"\" title=\"G-schloss-Knoedler-12-web\" data-src=\"https:\/\/www.fernsteinsee.at\/info\/wp-content\/uploads\/2022\/07\/G-schloss-Knoedler-12-web.jpg\" \/>\n\n\n\t<img decoding=\"async\" class=\"ms-thumb\" src=\"https:\/\/www.fernsteinsee.at\/info\/wp-content\/uploads\/2022\/07\/G-schloss-Knoedler-12-web-200x200.jpg\" alt=\"\" \/>\n\t\t\t\t<\/div>\n\t\t\t<div  class=\"ms-slide\" data-delay=\"3\" data-fill-mode=\"fill\"   >\n\t\t\t\t\t<img decoding=\"async\" src=\"https:\/\/www.fernsteinsee.at\/info\/wp-content\/plugins\/masterslider\/public\/assets\/css\/blank.gif\" alt=\"\" title=\"2020-12-15-Kuehe-fernstein_web\" data-src=\"https:\/\/www.fernsteinsee.at\/info\/wp-content\/uploads\/2022\/07\/2020-12-15-Kuehe-fernstein_web.jpg\" \/>\n\n\n\t<img decoding=\"async\" class=\"ms-thumb\" src=\"https:\/\/www.fernsteinsee.at\/info\/wp-content\/uploads\/2022\/07\/2020-12-15-Kuehe-fernstein_web-200x200.jpg\" alt=\"\" \/>\n\t\t\t\t<\/div>\n\t\t\t<div  class=\"ms-slide\" data-delay=\"3\" data-fill-mode=\"fill\"   >\n\t\t\t\t\t<img decoding=\"async\" src=\"https:\/\/www.fernsteinsee.at\/info\/wp-content\/plugins\/masterslider\/public\/assets\/css\/blank.gif\" alt=\"\" title=\"DCIM101MEDIADJI_0022.JPG\" data-src=\"https:\/\/www.fernsteinsee.at\/info\/wp-content\/uploads\/2022\/07\/camping290622_web.jpg\" \/>\n\n\n\t<img decoding=\"async\" class=\"ms-thumb\" src=\"https:\/\/www.fernsteinsee.at\/info\/wp-content\/uploads\/2022\/07\/camping290622_web-200x200.jpg\" alt=\"\" \/>\n\t\t\t\t<\/div>\n\n\t\t\t<\/div>\n\t\t\t<!-- END MasterSlider Main -->\n\n\t\t\t \n\t\t<\/div>\n\t\t<!-- END MasterSlider -->\n\n\t\t<script>\n\t\t( window.MSReady = window.MSReady || [] ).push( function( $ ) {\n\n\t\t\t\"use strict\";\n\t\t\tvar masterslider_7cde = new MasterSlider();\n\n\t\t\t\/\/ slider controls\n\t\t\tmasterslider_7cde.control('thumblist'  ,{ autohide:false, overVideo:true, dir:'v', speed:17, inset:false, arrows:false, hover:false, customClass:'', align:'right',type:'thumbs', margin:5, width:200, height:200, space:5, fillMode:'fill' , hideUnder:600 });\n\t\t\t\/\/ slider setup\n\t\t\tmasterslider_7cde.setup(\"MS6a04770177cde\", {\n\t\t\t\twidth           : 1500,\n\t\t\t\theight          : 1000,\n\t\t\t\tminHeight       : 0,\n\t\t\t\tspace           : 0,\n\t\t\t\tstart           : 1,\n\t\t\t\tgrabCursor      : true,\n\t\t\t\tswipe           : true,\n\t\t\t\tmouse           : true,\n\t\t\t\tkeyboard        : false,\n\t\t\t\tlayout          : \"boxed\",\n\t\t\t\twheel           : false,\n\t\t\t\tautoplay        : true,\n                instantStartLayers:false,\n\t\t\t\tmobileBGVideo:false,\n\t\t\t\tloop            : true,\n\t\t\t\tshuffle         : false,\n\t\t\t\tpreload         : 0,\n\t\t\t\theightLimit     : true,\n\t\t\t\tautoHeight      : false,\n\t\t\t\tsmoothHeight    : true,\n\t\t\t\tendPause        : false,\n\t\t\t\toverPause       : true,\n\t\t\t\tfillMode        : \"fill\",\n\t\t\t\tcenterControls  : true,\n\t\t\t\tstartOnAppear   : false,\n\t\t\t\tlayersMode      : \"center\",\n\t\t\t\tautofillTarget  : \"\",\n\t\t\t\thideLayers      : false,\n\t\t\t\tfullscreenMargin: 0,\n\t\t\t\tspeed           : 20,\n\t\t\t\tdir             : \"h\",\n\t\t\t\tresponsive      : true,\n\t\t\t\ttabletWidth     : 768,\n\t\t\t\ttabletHeight    : null,\n\t\t\t\tphoneWidth      : 480,\n\t\t\t\tphoneHeight    : null,\n\t\t\t\tsizingReference : window,\n\t\t\t\tparallaxMode    : 'swipe',\n\t\t\t\tview            : \"basic\"\n\t\t\t});\n\n\t\t\t\n\t\t\twindow.masterslider_instances = window.masterslider_instances || [];\n\t\t\twindow.masterslider_instances.push( masterslider_7cde );\n\t\t});\n\t\t<\/script>\n\n<\/td>\n<\/tr>\n<\/tbody>\n<\/table>\n<\/div><\/div><\/div><\/div><\/div><\/div><\/section>\n<\/div>","protected":false},"excerpt":{"rendered":"Ferien im Naturresort IHR NATURRESORT (280.000\u00a0 m\u00b2) Fernsteinsee \u2013 ein Platz, wo K\u00f6rper, Geist und Seele sich rundum erholen k\u00f6nnen. Wo die reine Bergluft die Lebensgeister wieder weckt. Wo die Lust an der Bewegung in frischer Luft in einer Umgebung mit kristallklaren Seen von ganz allein kommt. Das Resort umfasst ein riesiges Areal von 280.000...","protected":false},"author":1,"featured_media":0,"parent":0,"menu_order":0,"comment_status":"closed","ping_status":"closed","template":"","meta":{"_monsterinsights_skip_tracking":false,"_monsterinsights_sitenote_active":false,"_monsterinsights_sitenote_note":"","_monsterinsights_sitenote_category":0,"footnotes":""},"class_list":["post-1080","page","type-page","status-publish","hentry"],"_links":{"self":[{"href":"https:\/\/www.fernsteinsee.at\/info\/wp-json\/wp\/v2\/pages\/1080","targetHints":{"allow":["GET"]}}],"collection":[{"href":"https:\/\/www.fernsteinsee.at\/info\/wp-json\/wp\/v2\/pages"}],"about":[{"href":"https:\/\/www.fernsteinsee.at\/info\/wp-json\/wp\/v2\/types\/page"}],"author":[{"embeddable":true,"href":"https:\/\/www.fernsteinsee.at\/info\/wp-json\/wp\/v2\/users\/1"}],"replies":[{"embeddable":true,"href":"https:\/\/www.fernsteinsee.at\/info\/wp-json\/wp\/v2\/comments?post=1080"}],"version-history":[{"count":1,"href":"https:\/\/www.fernsteinsee.at\/info\/wp-json\/wp\/v2\/pages\/1080\/revisions"}],"predecessor-version":[{"id":4799,"href":"https:\/\/www.fernsteinsee.at\/info\/wp-json\/wp\/v2\/pages\/1080\/revisions\/4799"}],"wp:attachment":[{"href":"https:\/\/www.fernsteinsee.at\/info\/wp-json\/wp\/v2\/media?parent=1080"}],"curies":[{"name":"wp","href":"https:\/\/api.w.org\/{rel}","templated":true}]}}