{"id":4518,"date":"2023-02-06T14:14:10","date_gmt":"2023-02-06T13:14:10","guid":{"rendered":"https:\/\/www.fernsteinsee.at\/info\/?page_id=4518"},"modified":"2023-03-12T13:28:58","modified_gmt":"2023-03-12T12:28:58","slug":"wellness-hotel","status":"publish","type":"page","link":"https:\/\/www.fernsteinsee.at\/info\/wellness-hotel\/","title":{"rendered":"Wellness Hotel"},"content":{"rendered":"<div class=\"wpb-content-wrapper\"><section class=\"l-section wpb_row height_custom\"><div class=\"l-section-h i-cf\"><div class=\"g-cols vc_row via_grid cols_1 laptops-cols_inherit tablets-cols_inherit mobiles-cols_1 valign_top type_default stacking_default\"><div class=\"wpb_column vc_column_container us_custom_6e4478d3 has_bg_color\"><div class=\"vc_column-inner\"><div class=\"wpb_text_column\"><div class=\"wpb_wrapper\">\n\t\t<!-- MasterSlider -->\n\t\t<div id=\"P_MS6a048404c956e\" class=\"master-slider-parent ms-parent-id-36\" style=\"max-width:1500px;\" >\n\n\t\t\t\n\t\t\t<!-- MasterSlider Main -->\n\t\t\t<div id=\"MS6a048404c956e\" class=\"master-slider ms-skin-default\" >\n\t\t\t\t \t\t\t\t \n\n\t\t\t<div  class=\"ms-slide\" data-delay=\"3\" data-fill-mode=\"fill\"   >\n\t\t\t\t\t<img decoding=\"async\" src=\"https:\/\/www.fernsteinsee.at\/info\/wp-content\/plugins\/masterslider\/public\/assets\/css\/blank.gif\" alt=\"\" title=\"img_9595\" data-src=\"https:\/\/www.fernsteinsee.at\/info\/wp-content\/uploads\/2023\/02\/img_9595.jpg\" \/>\n\n\n\t<img decoding=\"async\" class=\"ms-thumb\" src=\"https:\/\/www.fernsteinsee.at\/info\/wp-content\/uploads\/2023\/02\/img_9595-200x200.jpg\" alt=\"\" \/>\n\t\t\t\t<\/div>\n\t\t\t<div  class=\"ms-slide\" data-delay=\"3\" data-fill-mode=\"fill\"   >\n\t\t\t\t\t<img decoding=\"async\" src=\"https:\/\/www.fernsteinsee.at\/info\/wp-content\/plugins\/masterslider\/public\/assets\/css\/blank.gif\" alt=\"\" title=\"dscn1543\" data-src=\"https:\/\/www.fernsteinsee.at\/info\/wp-content\/uploads\/2023\/02\/dscn1543.jpg\" \/>\n\n\n\t<img decoding=\"async\" class=\"ms-thumb\" src=\"https:\/\/www.fernsteinsee.at\/info\/wp-content\/uploads\/2023\/02\/dscn1543-200x200.jpg\" alt=\"\" \/>\n\t\t\t\t<\/div>\n\t\t\t<div  class=\"ms-slide\" data-delay=\"3\" data-fill-mode=\"fill\"   >\n\t\t\t\t\t<img decoding=\"async\" src=\"https:\/\/www.fernsteinsee.at\/info\/wp-content\/plugins\/masterslider\/public\/assets\/css\/blank.gif\" alt=\"\" title=\"dscn2203\" data-src=\"https:\/\/www.fernsteinsee.at\/info\/wp-content\/uploads\/2023\/02\/dscn2203.jpg\" \/>\n\n\n\t<img decoding=\"async\" class=\"ms-thumb\" src=\"https:\/\/www.fernsteinsee.at\/info\/wp-content\/uploads\/2023\/02\/dscn2203-200x200.jpg\" alt=\"\" \/>\n\t\t\t\t<\/div>\n\t\t\t<div  class=\"ms-slide\" data-delay=\"3\" data-fill-mode=\"fill\"   >\n\t\t\t\t\t<img decoding=\"async\" src=\"https:\/\/www.fernsteinsee.at\/info\/wp-content\/plugins\/masterslider\/public\/assets\/css\/blank.gif\" alt=\"\" title=\"img_0080\" data-src=\"https:\/\/www.fernsteinsee.at\/info\/wp-content\/uploads\/2023\/02\/img_0080.jpg\" \/>\n\n\n\t<img decoding=\"async\" class=\"ms-thumb\" src=\"https:\/\/www.fernsteinsee.at\/info\/wp-content\/uploads\/2023\/02\/img_0080-200x200.jpg\" alt=\"\" \/>\n\t\t\t\t<\/div>\n\t\t\t<div  class=\"ms-slide\" data-delay=\"3\" data-fill-mode=\"fill\"   >\n\t\t\t\t\t<img decoding=\"async\" src=\"https:\/\/www.fernsteinsee.at\/info\/wp-content\/plugins\/masterslider\/public\/assets\/css\/blank.gif\" alt=\"\" title=\"img_9597\" data-src=\"https:\/\/www.fernsteinsee.at\/info\/wp-content\/uploads\/2023\/02\/img_9597.jpg\" \/>\n\n\n\t<img decoding=\"async\" class=\"ms-thumb\" src=\"https:\/\/www.fernsteinsee.at\/info\/wp-content\/uploads\/2023\/02\/img_9597-200x200.jpg\" alt=\"\" \/>\n\t\t\t\t<\/div>\n\t\t\t<div  class=\"ms-slide\" data-delay=\"3\" data-fill-mode=\"fill\"   >\n\t\t\t\t\t<img decoding=\"async\" src=\"https:\/\/www.fernsteinsee.at\/info\/wp-content\/plugins\/masterslider\/public\/assets\/css\/blank.gif\" alt=\"\" title=\"img_9598\" data-src=\"https:\/\/www.fernsteinsee.at\/info\/wp-content\/uploads\/2023\/02\/img_9598.jpg\" \/>\n\n\n\t<img decoding=\"async\" class=\"ms-thumb\" src=\"https:\/\/www.fernsteinsee.at\/info\/wp-content\/uploads\/2023\/02\/img_9598-200x200.jpg\" alt=\"\" \/>\n\t\t\t\t<\/div>\n\t\t\t<div  class=\"ms-slide\" data-delay=\"3\" data-fill-mode=\"fill\"   >\n\t\t\t\t\t<img decoding=\"async\" src=\"https:\/\/www.fernsteinsee.at\/info\/wp-content\/plugins\/masterslider\/public\/assets\/css\/blank.gif\" alt=\"\" title=\"img_9600\" data-src=\"https:\/\/www.fernsteinsee.at\/info\/wp-content\/uploads\/2023\/02\/img_9600.jpg\" \/>\n\n\n\t<img decoding=\"async\" class=\"ms-thumb\" src=\"https:\/\/www.fernsteinsee.at\/info\/wp-content\/uploads\/2023\/02\/img_9600-200x200.jpg\" alt=\"\" \/>\n\t\t\t\t<\/div>\n\t\t\t<div  class=\"ms-slide\" data-delay=\"3\" data-fill-mode=\"fill\"   >\n\t\t\t\t\t<img decoding=\"async\" src=\"https:\/\/www.fernsteinsee.at\/info\/wp-content\/plugins\/masterslider\/public\/assets\/css\/blank.gif\" alt=\"\" title=\"sauna_bach_01\" data-src=\"https:\/\/www.fernsteinsee.at\/info\/wp-content\/uploads\/2023\/02\/sauna_bach_01.jpg\" \/>\n\n\n\t<img decoding=\"async\" class=\"ms-thumb\" src=\"https:\/\/www.fernsteinsee.at\/info\/wp-content\/uploads\/2023\/02\/sauna_bach_01-200x200.jpg\" alt=\"\" \/>\n\t\t\t\t<\/div>\n\n\t\t\t<\/div>\n\t\t\t<!-- END MasterSlider Main -->\n\n\t\t\t \n\t\t<\/div>\n\t\t<!-- END MasterSlider -->\n\n\t\t<script>\n\t\t( window.MSReady = window.MSReady || [] ).push( function( $ ) {\n\n\t\t\t\"use strict\";\n\t\t\tvar masterslider_956e = new MasterSlider();\n\n\t\t\t\/\/ slider controls\n\t\t\tmasterslider_956e.control('thumblist'  ,{ autohide:false, overVideo:true, dir:'v', speed:17, inset:false, arrows:false, hover:false, customClass:'', align:'right',type:'thumbs', margin:5, width:200, height:200, space:5, fillMode:'fill' , hideUnder:600 });\n\t\t\t\/\/ slider setup\n\t\t\tmasterslider_956e.setup(\"MS6a048404c956e\", {\n\t\t\t\twidth           : 1500,\n\t\t\t\theight          : 1000,\n\t\t\t\tminHeight       : 0,\n\t\t\t\tspace           : 0,\n\t\t\t\tstart           : 1,\n\t\t\t\tgrabCursor      : true,\n\t\t\t\tswipe           : true,\n\t\t\t\tmouse           : true,\n\t\t\t\tkeyboard        : false,\n\t\t\t\tlayout          : \"boxed\",\n\t\t\t\twheel           : false,\n\t\t\t\tautoplay        : true,\n                instantStartLayers:false,\n\t\t\t\tmobileBGVideo:false,\n\t\t\t\tloop            : true,\n\t\t\t\tshuffle         : false,\n\t\t\t\tpreload         : 0,\n\t\t\t\theightLimit     : true,\n\t\t\t\tautoHeight      : false,\n\t\t\t\tsmoothHeight    : true,\n\t\t\t\tendPause        : false,\n\t\t\t\toverPause       : true,\n\t\t\t\tfillMode        : \"fill\",\n\t\t\t\tcenterControls  : true,\n\t\t\t\tstartOnAppear   : false,\n\t\t\t\tlayersMode      : \"center\",\n\t\t\t\tautofillTarget  : \"\",\n\t\t\t\thideLayers      : false,\n\t\t\t\tfullscreenMargin: 0,\n\t\t\t\tspeed           : 20,\n\t\t\t\tdir             : \"h\",\n\t\t\t\tresponsive      : true,\n\t\t\t\ttabletWidth     : 768,\n\t\t\t\ttabletHeight    : null,\n\t\t\t\tphoneWidth      : 480,\n\t\t\t\tphoneHeight    : null,\n\t\t\t\tsizingReference : window,\n\t\t\t\tparallaxMode    : 'swipe',\n\t\t\t\tview            : \"basic\"\n\t\t\t});\n\n\t\t\t\n\t\t\twindow.masterslider_instances = window.masterslider_instances || [];\n\t\t\twindow.masterslider_instances.push( masterslider_956e );\n\t\t});\n\t\t<\/script>\n\n\n<p>Sch\u00f6nheitspflege<br \/>\nbraucht Zeit und Entfernung vom Alltag.<\/p>\n<h3>Die finnische Sauna\u00a0&#8211; das klassische Saunaerlebnis.<\/h3>\n<p><span lang=\"DE\">Steigen Sie aus der Sauna direkt in den vorbeiflie\u00dfenden Gebirgsbach &#8211; klar und rein&#8230;<br \/>\n<\/span><span lang=\"DE\">Entspannen Sie sich im Ruheraum oder drau\u00dfen in der frischen Gebirgsluft. Die Sauna steht unseren Hausg\u00e4sten kostenlos zur Verf\u00fcgung.<\/span><\/p>\n<p>Zum Hotel : entlang des Gebirgsbaches ca. 4-5 Gehminuten<\/p>\n<\/div><\/div><\/div><\/div><\/div><\/div><\/section>\n<\/div>","protected":false},"excerpt":{"rendered":"Sch\u00f6nheitspflege braucht Zeit und Entfernung vom Alltag. Die finnische Sauna\u00a0&#8211; das klassische Saunaerlebnis. Steigen Sie aus der Sauna direkt in den vorbeiflie\u00dfenden Gebirgsbach &#8211; klar und rein&#8230; Entspannen Sie sich im Ruheraum oder drau\u00dfen in der frischen Gebirgsluft. Die Sauna steht unseren Hausg\u00e4sten kostenlos zur Verf\u00fcgung. Zum Hotel : entlang des Gebirgsbaches ca. 4-5 Gehminuten","protected":false},"author":1,"featured_media":0,"parent":0,"menu_order":0,"comment_status":"closed","ping_status":"closed","template":"","meta":{"_monsterinsights_skip_tracking":false,"_monsterinsights_sitenote_active":false,"_monsterinsights_sitenote_note":"","_monsterinsights_sitenote_category":0,"footnotes":""},"class_list":["post-4518","page","type-page","status-publish","hentry"],"_links":{"self":[{"href":"https:\/\/www.fernsteinsee.at\/info\/wp-json\/wp\/v2\/pages\/4518","targetHints":{"allow":["GET"]}}],"collection":[{"href":"https:\/\/www.fernsteinsee.at\/info\/wp-json\/wp\/v2\/pages"}],"about":[{"href":"https:\/\/www.fernsteinsee.at\/info\/wp-json\/wp\/v2\/types\/page"}],"author":[{"embeddable":true,"href":"https:\/\/www.fernsteinsee.at\/info\/wp-json\/wp\/v2\/users\/1"}],"replies":[{"embeddable":true,"href":"https:\/\/www.fernsteinsee.at\/info\/wp-json\/wp\/v2\/comments?post=4518"}],"version-history":[{"count":4,"href":"https:\/\/www.fernsteinsee.at\/info\/wp-json\/wp\/v2\/pages\/4518\/revisions"}],"predecessor-version":[{"id":4580,"href":"https:\/\/www.fernsteinsee.at\/info\/wp-json\/wp\/v2\/pages\/4518\/revisions\/4580"}],"wp:attachment":[{"href":"https:\/\/www.fernsteinsee.at\/info\/wp-json\/wp\/v2\/media?parent=4518"}],"curies":[{"name":"wp","href":"https:\/\/api.w.org\/{rel}","templated":true}]}}