{"id":4860,"date":"2026-03-15T18:24:40","date_gmt":"2026-03-15T17:24:40","guid":{"rendered":"https:\/\/www.fernsteinsee.at\/info\/?page_id=4860"},"modified":"2026-03-15T19:04:12","modified_gmt":"2026-03-15T18:04:12","slug":"urlaub-mit-hund","status":"publish","type":"page","link":"https:\/\/www.fernsteinsee.at\/info\/urlaub-mit-hund\/","title":{"rendered":"Urlaub mit Hund"},"content":{"rendered":"<div class=\"wpb-content-wrapper\"><section class=\"l-section wpb_row us_custom_12a0f7a4 height_custom\"><div class=\"l-section-h i-cf\"><div class=\"g-cols vc_row via_grid cols_2 laptops-cols_inherit tablets-cols_inherit mobiles-cols_1 valign_top type_default stacking_default\" style=\"grid-gap:1rem;\"><div class=\"wpb_column vc_column_container us_custom_6e4478d3  hide_on_mobiles has_bg_color\"><div class=\"vc_column-inner\"><div class=\"wpb_text_column us_custom_f48d39bd\"><div class=\"wpb_wrapper\">\n\t\t<!-- MasterSlider -->\n\t\t<div id=\"P_MS6a0476d523fde\" class=\"master-slider-parent ms-parent-id-38\" style=\"max-width:1000px;\" >\n\n\t\t\t\n\t\t\t<!-- MasterSlider Main -->\n\t\t\t<div id=\"MS6a0476d523fde\" class=\"master-slider ms-skin-black-2 round-skin\" >\n\t\t\t\t \t\t\t\t \n\n\t\t\t<div  class=\"ms-slide\" data-delay=\"3\" data-fill-mode=\"fill\"   >\n\t\t\t\t\t<img decoding=\"async\" src=\"https:\/\/www.fernsteinsee.at\/info\/wp-content\/plugins\/masterslider\/public\/assets\/css\/blank.gif\" alt=\"\" title=\"K\u00f6hle_mit Hund_Spazierweg\" data-src=\"https:\/\/www.fernsteinsee.at\/info\/wp-content\/uploads\/2026\/03\/Koehle_mit-Hund_Spazierweg-scaled.jpg\" \/>\n\n\n\t\t\t\t<\/div>\n\t\t\t<div  class=\"ms-slide\" data-delay=\"3\" data-fill-mode=\"fill\"   >\n\t\t\t\t\t<img decoding=\"async\" src=\"https:\/\/www.fernsteinsee.at\/info\/wp-content\/plugins\/masterslider\/public\/assets\/css\/blank.gif\" alt=\"\" title=\"Am See_Frauen und Hund\" data-src=\"https:\/\/www.fernsteinsee.at\/info\/wp-content\/uploads\/2026\/03\/Am-See_Frauen-und-Hund.jpg\" \/>\n\n\n\t\t\t\t<\/div>\n\t\t\t<div  class=\"ms-slide\" data-delay=\"3\" data-fill-mode=\"fill\"   >\n\t\t\t\t\t<img decoding=\"async\" src=\"https:\/\/www.fernsteinsee.at\/info\/wp-content\/plugins\/masterslider\/public\/assets\/css\/blank.gif\" alt=\"\" title=\"7RV01150-DeNoiseAI-standard\" data-src=\"https:\/\/www.fernsteinsee.at\/info\/wp-content\/uploads\/2026\/03\/7RV01150-DeNoiseAI-standard.jpg\" \/>\n\n\n\t\t\t\t<\/div>\n\t\t\t<div  class=\"ms-slide\" data-delay=\"3\" data-fill-mode=\"fill\"   >\n\t\t\t\t\t<img decoding=\"async\" src=\"https:\/\/www.fernsteinsee.at\/info\/wp-content\/plugins\/masterslider\/public\/assets\/css\/blank.gif\" alt=\"\" title=\"20170103_135515\" data-src=\"https:\/\/www.fernsteinsee.at\/info\/wp-content\/uploads\/2026\/03\/20170103_135515.jpg\" \/>\n\n\n\t\t\t\t<\/div>\n\t\t\t<div  class=\"ms-slide\" data-delay=\"3\" data-fill-mode=\"fill\"   >\n\t\t\t\t\t<img decoding=\"async\" src=\"https:\/\/www.fernsteinsee.at\/info\/wp-content\/plugins\/masterslider\/public\/assets\/css\/blank.gif\" alt=\"\" title=\"7RV01298-DeNoiseAI-standard\" data-src=\"https:\/\/www.fernsteinsee.at\/info\/wp-content\/uploads\/2026\/03\/7RV01298-DeNoiseAI-standard.jpg\" \/>\n\n\n\t\t\t\t<\/div>\n\t\t\t<div  class=\"ms-slide\" data-delay=\"3\" data-fill-mode=\"fill\"   >\n\t\t\t\t\t<img decoding=\"async\" src=\"https:\/\/www.fernsteinsee.at\/info\/wp-content\/plugins\/masterslider\/public\/assets\/css\/blank.gif\" alt=\"\" title=\"Bank_See_mit Hund\" data-src=\"https:\/\/www.fernsteinsee.at\/info\/wp-content\/uploads\/2026\/03\/Bank_See_mit-Hund.jpg\" \/>\n\n\n\t\t\t\t<\/div>\n\t\t\t<div  class=\"ms-slide\" data-delay=\"3\" data-fill-mode=\"fill\"   >\n\t\t\t\t\t<img decoding=\"async\" src=\"https:\/\/www.fernsteinsee.at\/info\/wp-content\/plugins\/masterslider\/public\/assets\/css\/blank.gif\" alt=\"\" title=\"DJI_0803-Pano-DeNoiseAI-standard\" data-src=\"https:\/\/www.fernsteinsee.at\/info\/wp-content\/uploads\/2026\/03\/DJI_0803-Pano-DeNoiseAI-standard.jpg\" \/>\n\n\n\t\t\t\t<\/div>\n\t\t\t<div  class=\"ms-slide\" data-delay=\"3\" data-fill-mode=\"fill\"   >\n\t\t\t\t\t<img decoding=\"async\" src=\"https:\/\/www.fernsteinsee.at\/info\/wp-content\/plugins\/masterslider\/public\/assets\/css\/blank.gif\" alt=\"\" title=\"Frauen mit Hund\" data-src=\"https:\/\/www.fernsteinsee.at\/info\/wp-content\/uploads\/2026\/03\/Frauen-mit-Hund.jpg\" \/>\n\n\n\t\t\t\t<\/div>\n\t\t\t<div  class=\"ms-slide\" data-delay=\"3\" data-fill-mode=\"fill\"   >\n\t\t\t\t\t<img decoding=\"async\" src=\"https:\/\/www.fernsteinsee.at\/info\/wp-content\/plugins\/masterslider\/public\/assets\/css\/blank.gif\" alt=\"\" title=\"Hund\" data-src=\"https:\/\/www.fernsteinsee.at\/info\/wp-content\/uploads\/2026\/03\/Hund-.jpeg\" \/>\n\n\n\t\t\t\t<\/div>\n\t\t\t<div  class=\"ms-slide\" data-delay=\"3\" data-fill-mode=\"fill\"   >\n\t\t\t\t\t<img decoding=\"async\" src=\"https:\/\/www.fernsteinsee.at\/info\/wp-content\/plugins\/masterslider\/public\/assets\/css\/blank.gif\" alt=\"\" title=\"J\u00f6rg_Mona_Hund\" data-src=\"https:\/\/www.fernsteinsee.at\/info\/wp-content\/uploads\/2026\/03\/Joerg_Mona_Hund.jpg\" \/>\n\n\n\t\t\t\t<\/div>\n\t\t\t<div  class=\"ms-slide\" data-delay=\"3\" data-fill-mode=\"fill\"   >\n\t\t\t\t\t<img decoding=\"async\" src=\"https:\/\/www.fernsteinsee.at\/info\/wp-content\/plugins\/masterslider\/public\/assets\/css\/blank.gif\" alt=\"\" title=\"Mit Hund am See_2Frauen\" data-src=\"https:\/\/www.fernsteinsee.at\/info\/wp-content\/uploads\/2026\/03\/Mit-Hund-am-See_2Frauen.jpg\" \/>\n\n\n\t\t\t\t<\/div>\n\t\t\t<div  class=\"ms-slide\" data-delay=\"3\" data-fill-mode=\"fill\"   >\n\t\t\t\t\t<img decoding=\"async\" src=\"https:\/\/www.fernsteinsee.at\/info\/wp-content\/plugins\/masterslider\/public\/assets\/css\/blank.gif\" alt=\"\" title=\"Rocky\" data-src=\"https:\/\/www.fernsteinsee.at\/info\/wp-content\/uploads\/2026\/03\/Rocky.jpg\" \/>\n\n\n\t\t\t\t<\/div>\n\t\t\t<div  class=\"ms-slide\" data-delay=\"3\" data-fill-mode=\"fill\"   >\n\t\t\t\t\t<img decoding=\"async\" src=\"https:\/\/www.fernsteinsee.at\/info\/wp-content\/plugins\/masterslider\/public\/assets\/css\/blank.gif\" alt=\"\" title=\"Spazieren mit Hund_1\" data-src=\"https:\/\/www.fernsteinsee.at\/info\/wp-content\/uploads\/2026\/03\/Spazieren-mit-Hund_1.jpg\" \/>\n\n\n\t\t\t\t<\/div>\n\t\t\t<div  class=\"ms-slide\" data-delay=\"3\" data-fill-mode=\"fill\"   >\n\t\t\t\t\t<img decoding=\"async\" src=\"https:\/\/www.fernsteinsee.at\/info\/wp-content\/plugins\/masterslider\/public\/assets\/css\/blank.gif\" alt=\"\" title=\"Spazieren mit Hund_Hund im Wasser\" data-src=\"https:\/\/www.fernsteinsee.at\/info\/wp-content\/uploads\/2026\/03\/Spazieren-mit-Hund_Hund-im-Wasser.jpg\" \/>\n\n\n\t\t\t\t<\/div>\n\t\t\t<div  class=\"ms-slide\" data-delay=\"3\" data-fill-mode=\"fill\"   >\n\t\t\t\t\t<img decoding=\"async\" src=\"https:\/\/www.fernsteinsee.at\/info\/wp-content\/plugins\/masterslider\/public\/assets\/css\/blank.gif\" alt=\"\" title=\"7RV01338-DeNoiseAI-standard\" data-src=\"https:\/\/www.fernsteinsee.at\/info\/wp-content\/uploads\/2026\/03\/7RV01338-DeNoiseAI-standard.jpg\" \/>\n\n\n\t\t\t\t<\/div>\n\t\t\t<div  class=\"ms-slide\" data-delay=\"3\" data-fill-mode=\"fill\"   >\n\t\t\t\t\t<img decoding=\"async\" src=\"https:\/\/www.fernsteinsee.at\/info\/wp-content\/plugins\/masterslider\/public\/assets\/css\/blank.gif\" alt=\"\" title=\"Wanderwege\" data-src=\"https:\/\/www.fernsteinsee.at\/info\/wp-content\/uploads\/2026\/03\/Wanderwege.jpg\" \/>\n\n\n\t\t\t\t<\/div>\n\n\t\t\t<\/div>\n\t\t\t<!-- END MasterSlider Main -->\n\n\t\t\t \n\t\t<\/div>\n\t\t<!-- END MasterSlider -->\n\n\t\t<script>\n\t\t( window.MSReady = window.MSReady || [] ).push( function( $ ) {\n\n\t\t\t\"use strict\";\n\t\t\tvar masterslider_3fde = new MasterSlider();\n\n\t\t\t\/\/ slider controls\n\t\t\tmasterslider_3fde.control('arrows'     ,{ autohide:true, overVideo:true  });\n\t\t\t\/\/ slider setup\n\t\t\tmasterslider_3fde.setup(\"MS6a0476d523fde\", {\n\t\t\t\twidth           : 1000,\n\t\t\t\theight          : 1000,\n\t\t\t\tminHeight       : 0,\n\t\t\t\tspace           : 0,\n\t\t\t\tstart           : 1,\n\t\t\t\tgrabCursor      : true,\n\t\t\t\tswipe           : true,\n\t\t\t\tmouse           : true,\n\t\t\t\tkeyboard        : false,\n\t\t\t\tlayout          : \"boxed\",\n\t\t\t\twheel           : false,\n\t\t\t\tautoplay        : true,\n                instantStartLayers:false,\n\t\t\t\tmobileBGVideo:false,\n\t\t\t\tloop            : true,\n\t\t\t\tshuffle         : false,\n\t\t\t\tpreload         : 0,\n\t\t\t\theightLimit     : true,\n\t\t\t\tautoHeight      : false,\n\t\t\t\tsmoothHeight    : true,\n\t\t\t\tendPause        : false,\n\t\t\t\toverPause       : true,\n\t\t\t\tfillMode        : \"fill\",\n\t\t\t\tcenterControls  : true,\n\t\t\t\tstartOnAppear   : false,\n\t\t\t\tlayersMode      : \"center\",\n\t\t\t\tautofillTarget  : \"\",\n\t\t\t\thideLayers      : false,\n\t\t\t\tfullscreenMargin: 0,\n\t\t\t\tspeed           : 20,\n\t\t\t\tdir             : \"h\",\n\t\t\t\tresponsive      : true,\n\t\t\t\ttabletWidth     : 768,\n\t\t\t\ttabletHeight    : null,\n\t\t\t\tphoneWidth      : 480,\n\t\t\t\tphoneHeight    : null,\n\t\t\t\tsizingReference : window,\n\t\t\t\tparallaxMode    : 'swipe',\n\t\t\t\tview            : \"basic\"\n\t\t\t});\n\n\t\t\t\n\t\t\twindow.masterslider_instances = window.masterslider_instances || [];\n\t\t\twindow.masterslider_instances.push( masterslider_3fde );\n\t\t});\n\t\t<\/script>\n\n\n<\/div><\/div><\/div><\/div><div class=\"wpb_column vc_column_container us_custom_6e4478d3 has_bg_color\"><div class=\"vc_column-inner\"><div class=\"wpb_text_column us_custom_0269de41\"><div class=\"wpb_wrapper\"><p><span style=\"font-family: arial, helvetica, sans-serif; font-size: 18pt; color: #d0bb79;\">Urlaub mit Hund<\/span><\/p>\n<p><span style=\"font-family: arial, helvetica, sans-serif;\">Urlaub mit Hund \u2013 der idyllische Ort Fernstein ist auch f\u00fcr Ihre Vierbeiner ein Paradies.<br \/>\nOb morgens oder sp\u00e4tabends noch ein kleiner Spaziergang um den Fernsteinsee oder tags\u00fcber eine ausgedehnte Wanderung \u2013 unser Naturresort ist ein ideales Domizil f\u00fcr jeden Hundebesitzer und seinen Liebling.<\/span><\/p>\n<\/div><\/div><\/div><\/div><\/div><\/div><\/section><section class=\"l-section wpb_row us_custom_dfddb007 height_custom\"><div class=\"l-section-h i-cf\"><div class=\"g-cols vc_row via_grid cols_1 laptops-cols_inherit tablets-cols_inherit mobiles-cols_1 valign_top type_default stacking_default\"><div class=\"wpb_column vc_column_container us_custom_6e4478d3  hide_on_default hide_on_laptops hide_on_tablets has_bg_color\"><div class=\"vc_column-inner\"><div class=\"wpb_text_column us_custom_f48d39bd\"><div class=\"wpb_wrapper\">\n\t\t<!-- MasterSlider -->\n\t\t<div id=\"P_MS6a0476d528039\" class=\"master-slider-parent ms-parent-id-38\" style=\"max-width:1000px;\" >\n\n\t\t\t\n\t\t\t<!-- MasterSlider Main -->\n\t\t\t<div id=\"MS6a0476d528039\" class=\"master-slider ms-skin-black-2 round-skin\" >\n\t\t\t\t \t\t\t\t \n\n\t\t\t<div  class=\"ms-slide\" data-delay=\"3\" data-fill-mode=\"fill\"   >\n\t\t\t\t\t<img decoding=\"async\" src=\"https:\/\/www.fernsteinsee.at\/info\/wp-content\/plugins\/masterslider\/public\/assets\/css\/blank.gif\" alt=\"\" title=\"K\u00f6hle_mit Hund_Spazierweg\" data-src=\"https:\/\/www.fernsteinsee.at\/info\/wp-content\/uploads\/2026\/03\/Koehle_mit-Hund_Spazierweg-scaled.jpg\" \/>\n\n\n\t\t\t\t<\/div>\n\t\t\t<div  class=\"ms-slide\" data-delay=\"3\" data-fill-mode=\"fill\"   >\n\t\t\t\t\t<img decoding=\"async\" src=\"https:\/\/www.fernsteinsee.at\/info\/wp-content\/plugins\/masterslider\/public\/assets\/css\/blank.gif\" alt=\"\" title=\"Am See_Frauen und Hund\" data-src=\"https:\/\/www.fernsteinsee.at\/info\/wp-content\/uploads\/2026\/03\/Am-See_Frauen-und-Hund.jpg\" \/>\n\n\n\t\t\t\t<\/div>\n\t\t\t<div  class=\"ms-slide\" data-delay=\"3\" data-fill-mode=\"fill\"   >\n\t\t\t\t\t<img decoding=\"async\" src=\"https:\/\/www.fernsteinsee.at\/info\/wp-content\/plugins\/masterslider\/public\/assets\/css\/blank.gif\" alt=\"\" title=\"7RV01150-DeNoiseAI-standard\" data-src=\"https:\/\/www.fernsteinsee.at\/info\/wp-content\/uploads\/2026\/03\/7RV01150-DeNoiseAI-standard.jpg\" \/>\n\n\n\t\t\t\t<\/div>\n\t\t\t<div  class=\"ms-slide\" data-delay=\"3\" data-fill-mode=\"fill\"   >\n\t\t\t\t\t<img decoding=\"async\" src=\"https:\/\/www.fernsteinsee.at\/info\/wp-content\/plugins\/masterslider\/public\/assets\/css\/blank.gif\" alt=\"\" title=\"20170103_135515\" data-src=\"https:\/\/www.fernsteinsee.at\/info\/wp-content\/uploads\/2026\/03\/20170103_135515.jpg\" \/>\n\n\n\t\t\t\t<\/div>\n\t\t\t<div  class=\"ms-slide\" data-delay=\"3\" data-fill-mode=\"fill\"   >\n\t\t\t\t\t<img decoding=\"async\" src=\"https:\/\/www.fernsteinsee.at\/info\/wp-content\/plugins\/masterslider\/public\/assets\/css\/blank.gif\" alt=\"\" title=\"7RV01298-DeNoiseAI-standard\" data-src=\"https:\/\/www.fernsteinsee.at\/info\/wp-content\/uploads\/2026\/03\/7RV01298-DeNoiseAI-standard.jpg\" \/>\n\n\n\t\t\t\t<\/div>\n\t\t\t<div  class=\"ms-slide\" data-delay=\"3\" data-fill-mode=\"fill\"   >\n\t\t\t\t\t<img decoding=\"async\" src=\"https:\/\/www.fernsteinsee.at\/info\/wp-content\/plugins\/masterslider\/public\/assets\/css\/blank.gif\" alt=\"\" title=\"Bank_See_mit Hund\" data-src=\"https:\/\/www.fernsteinsee.at\/info\/wp-content\/uploads\/2026\/03\/Bank_See_mit-Hund.jpg\" \/>\n\n\n\t\t\t\t<\/div>\n\t\t\t<div  class=\"ms-slide\" data-delay=\"3\" data-fill-mode=\"fill\"   >\n\t\t\t\t\t<img decoding=\"async\" src=\"https:\/\/www.fernsteinsee.at\/info\/wp-content\/plugins\/masterslider\/public\/assets\/css\/blank.gif\" alt=\"\" title=\"DJI_0803-Pano-DeNoiseAI-standard\" data-src=\"https:\/\/www.fernsteinsee.at\/info\/wp-content\/uploads\/2026\/03\/DJI_0803-Pano-DeNoiseAI-standard.jpg\" \/>\n\n\n\t\t\t\t<\/div>\n\t\t\t<div  class=\"ms-slide\" data-delay=\"3\" data-fill-mode=\"fill\"   >\n\t\t\t\t\t<img decoding=\"async\" src=\"https:\/\/www.fernsteinsee.at\/info\/wp-content\/plugins\/masterslider\/public\/assets\/css\/blank.gif\" alt=\"\" title=\"Frauen mit Hund\" data-src=\"https:\/\/www.fernsteinsee.at\/info\/wp-content\/uploads\/2026\/03\/Frauen-mit-Hund.jpg\" \/>\n\n\n\t\t\t\t<\/div>\n\t\t\t<div  class=\"ms-slide\" data-delay=\"3\" data-fill-mode=\"fill\"   >\n\t\t\t\t\t<img decoding=\"async\" src=\"https:\/\/www.fernsteinsee.at\/info\/wp-content\/plugins\/masterslider\/public\/assets\/css\/blank.gif\" alt=\"\" title=\"Hund\" data-src=\"https:\/\/www.fernsteinsee.at\/info\/wp-content\/uploads\/2026\/03\/Hund-.jpeg\" \/>\n\n\n\t\t\t\t<\/div>\n\t\t\t<div  class=\"ms-slide\" data-delay=\"3\" data-fill-mode=\"fill\"   >\n\t\t\t\t\t<img decoding=\"async\" src=\"https:\/\/www.fernsteinsee.at\/info\/wp-content\/plugins\/masterslider\/public\/assets\/css\/blank.gif\" alt=\"\" title=\"J\u00f6rg_Mona_Hund\" data-src=\"https:\/\/www.fernsteinsee.at\/info\/wp-content\/uploads\/2026\/03\/Joerg_Mona_Hund.jpg\" \/>\n\n\n\t\t\t\t<\/div>\n\t\t\t<div  class=\"ms-slide\" data-delay=\"3\" data-fill-mode=\"fill\"   >\n\t\t\t\t\t<img decoding=\"async\" src=\"https:\/\/www.fernsteinsee.at\/info\/wp-content\/plugins\/masterslider\/public\/assets\/css\/blank.gif\" alt=\"\" title=\"Mit Hund am See_2Frauen\" data-src=\"https:\/\/www.fernsteinsee.at\/info\/wp-content\/uploads\/2026\/03\/Mit-Hund-am-See_2Frauen.jpg\" \/>\n\n\n\t\t\t\t<\/div>\n\t\t\t<div  class=\"ms-slide\" data-delay=\"3\" data-fill-mode=\"fill\"   >\n\t\t\t\t\t<img decoding=\"async\" src=\"https:\/\/www.fernsteinsee.at\/info\/wp-content\/plugins\/masterslider\/public\/assets\/css\/blank.gif\" alt=\"\" title=\"Rocky\" data-src=\"https:\/\/www.fernsteinsee.at\/info\/wp-content\/uploads\/2026\/03\/Rocky.jpg\" \/>\n\n\n\t\t\t\t<\/div>\n\t\t\t<div  class=\"ms-slide\" data-delay=\"3\" data-fill-mode=\"fill\"   >\n\t\t\t\t\t<img decoding=\"async\" src=\"https:\/\/www.fernsteinsee.at\/info\/wp-content\/plugins\/masterslider\/public\/assets\/css\/blank.gif\" alt=\"\" title=\"Spazieren mit Hund_1\" data-src=\"https:\/\/www.fernsteinsee.at\/info\/wp-content\/uploads\/2026\/03\/Spazieren-mit-Hund_1.jpg\" \/>\n\n\n\t\t\t\t<\/div>\n\t\t\t<div  class=\"ms-slide\" data-delay=\"3\" data-fill-mode=\"fill\"   >\n\t\t\t\t\t<img decoding=\"async\" src=\"https:\/\/www.fernsteinsee.at\/info\/wp-content\/plugins\/masterslider\/public\/assets\/css\/blank.gif\" alt=\"\" title=\"Spazieren mit Hund_Hund im Wasser\" data-src=\"https:\/\/www.fernsteinsee.at\/info\/wp-content\/uploads\/2026\/03\/Spazieren-mit-Hund_Hund-im-Wasser.jpg\" \/>\n\n\n\t\t\t\t<\/div>\n\t\t\t<div  class=\"ms-slide\" data-delay=\"3\" data-fill-mode=\"fill\"   >\n\t\t\t\t\t<img decoding=\"async\" src=\"https:\/\/www.fernsteinsee.at\/info\/wp-content\/plugins\/masterslider\/public\/assets\/css\/blank.gif\" alt=\"\" title=\"7RV01338-DeNoiseAI-standard\" data-src=\"https:\/\/www.fernsteinsee.at\/info\/wp-content\/uploads\/2026\/03\/7RV01338-DeNoiseAI-standard.jpg\" \/>\n\n\n\t\t\t\t<\/div>\n\t\t\t<div  class=\"ms-slide\" data-delay=\"3\" data-fill-mode=\"fill\"   >\n\t\t\t\t\t<img decoding=\"async\" src=\"https:\/\/www.fernsteinsee.at\/info\/wp-content\/plugins\/masterslider\/public\/assets\/css\/blank.gif\" alt=\"\" title=\"Wanderwege\" data-src=\"https:\/\/www.fernsteinsee.at\/info\/wp-content\/uploads\/2026\/03\/Wanderwege.jpg\" \/>\n\n\n\t\t\t\t<\/div>\n\n\t\t\t<\/div>\n\t\t\t<!-- END MasterSlider Main -->\n\n\t\t\t \n\t\t<\/div>\n\t\t<!-- END MasterSlider -->\n\n\t\t<script>\n\t\t( window.MSReady = window.MSReady || [] ).push( function( $ ) {\n\n\t\t\t\"use strict\";\n\t\t\tvar masterslider_8039 = new MasterSlider();\n\n\t\t\t\/\/ slider controls\n\t\t\tmasterslider_8039.control('arrows'     ,{ autohide:true, overVideo:true  });\n\t\t\t\/\/ slider setup\n\t\t\tmasterslider_8039.setup(\"MS6a0476d528039\", {\n\t\t\t\twidth           : 1000,\n\t\t\t\theight          : 1000,\n\t\t\t\tminHeight       : 0,\n\t\t\t\tspace           : 0,\n\t\t\t\tstart           : 1,\n\t\t\t\tgrabCursor      : true,\n\t\t\t\tswipe           : true,\n\t\t\t\tmouse           : true,\n\t\t\t\tkeyboard        : false,\n\t\t\t\tlayout          : \"boxed\",\n\t\t\t\twheel           : false,\n\t\t\t\tautoplay        : true,\n                instantStartLayers:false,\n\t\t\t\tmobileBGVideo:false,\n\t\t\t\tloop            : true,\n\t\t\t\tshuffle         : false,\n\t\t\t\tpreload         : 0,\n\t\t\t\theightLimit     : true,\n\t\t\t\tautoHeight      : false,\n\t\t\t\tsmoothHeight    : true,\n\t\t\t\tendPause        : false,\n\t\t\t\toverPause       : true,\n\t\t\t\tfillMode        : \"fill\",\n\t\t\t\tcenterControls  : true,\n\t\t\t\tstartOnAppear   : false,\n\t\t\t\tlayersMode      : \"center\",\n\t\t\t\tautofillTarget  : \"\",\n\t\t\t\thideLayers      : false,\n\t\t\t\tfullscreenMargin: 0,\n\t\t\t\tspeed           : 20,\n\t\t\t\tdir             : \"h\",\n\t\t\t\tresponsive      : true,\n\t\t\t\ttabletWidth     : 768,\n\t\t\t\ttabletHeight    : null,\n\t\t\t\tphoneWidth      : 480,\n\t\t\t\tphoneHeight    : null,\n\t\t\t\tsizingReference : window,\n\t\t\t\tparallaxMode    : 'swipe',\n\t\t\t\tview            : \"basic\"\n\t\t\t});\n\n\t\t\t\n\t\t\twindow.masterslider_instances = window.masterslider_instances || [];\n\t\t\twindow.masterslider_instances.push( masterslider_8039 );\n\t\t});\n\t\t<\/script>\n\n\n<\/div><\/div><\/div><\/div><\/div><\/div><\/section>\n<\/div>","protected":false},"excerpt":{"rendered":"Urlaub mit Hund Urlaub mit Hund \u2013 der idyllische Ort Fernstein ist auch f\u00fcr Ihre Vierbeiner ein Paradies. Ob morgens oder sp\u00e4tabends noch ein kleiner Spaziergang um den Fernsteinsee oder tags\u00fcber eine ausgedehnte Wanderung \u2013 unser Naturresort ist ein ideales Domizil f\u00fcr jeden Hundebesitzer und seinen Liebling.","protected":false},"author":1,"featured_media":0,"parent":0,"menu_order":0,"comment_status":"closed","ping_status":"closed","template":"","meta":{"_monsterinsights_skip_tracking":false,"_monsterinsights_sitenote_active":false,"_monsterinsights_sitenote_note":"","_monsterinsights_sitenote_category":0,"footnotes":""},"class_list":["post-4860","page","type-page","status-publish","hentry"],"_links":{"self":[{"href":"https:\/\/www.fernsteinsee.at\/info\/wp-json\/wp\/v2\/pages\/4860","targetHints":{"allow":["GET"]}}],"collection":[{"href":"https:\/\/www.fernsteinsee.at\/info\/wp-json\/wp\/v2\/pages"}],"about":[{"href":"https:\/\/www.fernsteinsee.at\/info\/wp-json\/wp\/v2\/types\/page"}],"author":[{"embeddable":true,"href":"https:\/\/www.fernsteinsee.at\/info\/wp-json\/wp\/v2\/users\/1"}],"replies":[{"embeddable":true,"href":"https:\/\/www.fernsteinsee.at\/info\/wp-json\/wp\/v2\/comments?post=4860"}],"version-history":[{"count":9,"href":"https:\/\/www.fernsteinsee.at\/info\/wp-json\/wp\/v2\/pages\/4860\/revisions"}],"predecessor-version":[{"id":4871,"href":"https:\/\/www.fernsteinsee.at\/info\/wp-json\/wp\/v2\/pages\/4860\/revisions\/4871"}],"wp:attachment":[{"href":"https:\/\/www.fernsteinsee.at\/info\/wp-json\/wp\/v2\/media?parent=4860"}],"curies":[{"name":"wp","href":"https:\/\/api.w.org\/{rel}","templated":true}]}}