{"id":569,"date":"2022-05-27T13:08:49","date_gmt":"2022-05-27T11:08:49","guid":{"rendered":"https:\/\/www.fernsteinsee.at\/info\/?page_id=569"},"modified":"2022-05-27T13:13:49","modified_gmt":"2022-05-27T11:13:49","slug":"klettersteige","status":"publish","type":"page","link":"https:\/\/www.fernsteinsee.at\/info\/klettersteige\/","title":{"rendered":"Klettersteige"},"content":{"rendered":"<div class=\"wpb-content-wrapper\"><section class=\"l-section wpb_row height_custom\"><div class=\"l-section-h i-cf\"><div class=\"g-cols vc_row via_grid cols_2 laptops-cols_inherit tablets-cols_inherit mobiles-cols_1 valign_top type_default stacking_default\" style=\"grid-gap:1rem;\"><div class=\"wpb_column vc_column_container us_custom_6e4478d3  hide_on_mobiles has_bg_color\"><div class=\"vc_column-inner\"><div class=\"wpb_text_column us_custom_f48d39bd\"><div class=\"wpb_wrapper\">\n\t\t<!-- MasterSlider -->\n\t\t<div id=\"P_MS69ee46afed726\" class=\"master-slider-parent ms-parent-id-8\" style=\"max-width:1500px;\" >\n\n\t\t\t\n\t\t\t<!-- MasterSlider Main -->\n\t\t\t<div id=\"MS69ee46afed726\" class=\"master-slider ms-skin-black-2 round-skin\" >\n\t\t\t\t \t\t\t\t \n\n\t\t\t<div  class=\"ms-slide\" data-delay=\"3\" data-fill-mode=\"fill\"   >\n\t\t\t\t\t<img decoding=\"async\" src=\"https:\/\/www.fernsteinsee.at\/info\/wp-content\/plugins\/masterslider\/public\/assets\/css\/blank.gif\" alt=\"\" title=\"1\" data-src=\"https:\/\/www.fernsteinsee.at\/info\/wp-content\/uploads\/2022\/05\/1-3.jpg\" \/>\n\n\n\t<img decoding=\"async\" class=\"ms-thumb\" src=\"https:\/\/www.fernsteinsee.at\/info\/wp-content\/uploads\/2022\/05\/1-3-200x200.jpg\" alt=\"\" \/>\n\t\t\t\t<\/div>\n\t\t\t<div  class=\"ms-slide\" data-delay=\"3\" data-fill-mode=\"fill\"   >\n\t\t\t\t\t<img decoding=\"async\" src=\"https:\/\/www.fernsteinsee.at\/info\/wp-content\/plugins\/masterslider\/public\/assets\/css\/blank.gif\" alt=\"\" title=\"2\" data-src=\"https:\/\/www.fernsteinsee.at\/info\/wp-content\/uploads\/2022\/05\/2-3.jpg\" \/>\n\n\n\t<img decoding=\"async\" class=\"ms-thumb\" src=\"https:\/\/www.fernsteinsee.at\/info\/wp-content\/uploads\/2022\/05\/2-3-200x200.jpg\" alt=\"\" \/>\n\t\t\t\t<\/div>\n\t\t\t<div  class=\"ms-slide\" data-delay=\"3\" data-fill-mode=\"fill\"   >\n\t\t\t\t\t<img decoding=\"async\" src=\"https:\/\/www.fernsteinsee.at\/info\/wp-content\/plugins\/masterslider\/public\/assets\/css\/blank.gif\" alt=\"\" title=\"Fotograf\" data-src=\"https:\/\/www.fernsteinsee.at\/info\/wp-content\/uploads\/2022\/05\/3-3.jpg\" \/>\n\n\n\t<img decoding=\"async\" class=\"ms-thumb\" src=\"https:\/\/www.fernsteinsee.at\/info\/wp-content\/uploads\/2022\/05\/3-3-200x200.jpg\" alt=\"\" \/>\n\t\t\t\t<\/div>\n\t\t\t<div  class=\"ms-slide\" data-delay=\"3\" data-fill-mode=\"fill\"   >\n\t\t\t\t\t<img decoding=\"async\" src=\"https:\/\/www.fernsteinsee.at\/info\/wp-content\/plugins\/masterslider\/public\/assets\/css\/blank.gif\" alt=\"\" title=\"4\" data-src=\"https:\/\/www.fernsteinsee.at\/info\/wp-content\/uploads\/2022\/05\/4-3.jpg\" \/>\n\n\n\t<img decoding=\"async\" class=\"ms-thumb\" src=\"https:\/\/www.fernsteinsee.at\/info\/wp-content\/uploads\/2022\/05\/4-3-200x200.jpg\" alt=\"\" \/>\n\t\t\t\t<\/div>\n\t\t\t<div  class=\"ms-slide\" data-delay=\"3\" data-fill-mode=\"fill\"   >\n\t\t\t\t\t<img decoding=\"async\" src=\"https:\/\/www.fernsteinsee.at\/info\/wp-content\/plugins\/masterslider\/public\/assets\/css\/blank.gif\" alt=\"\" title=\"5\" data-src=\"https:\/\/www.fernsteinsee.at\/info\/wp-content\/uploads\/2022\/05\/5-3.jpg\" \/>\n\n\n\t<img decoding=\"async\" class=\"ms-thumb\" src=\"https:\/\/www.fernsteinsee.at\/info\/wp-content\/uploads\/2022\/05\/5-3-200x200.jpg\" alt=\"\" \/>\n\t\t\t\t<\/div>\n\n\t\t\t<\/div>\n\t\t\t<!-- END MasterSlider Main -->\n\n\t\t\t \n\t\t<\/div>\n\t\t<!-- END MasterSlider -->\n\n\t\t<script>\n\t\t( window.MSReady = window.MSReady || [] ).push( function( $ ) {\n\n\t\t\t\"use strict\";\n\t\t\tvar masterslider_d726 = new MasterSlider();\n\n\t\t\t\/\/ slider controls\n\t\t\tmasterslider_d726.control('arrows'     ,{ autohide:true, overVideo:true  });\n\t\t\tmasterslider_d726.control('thumblist'  ,{ autohide:false, overVideo:true, dir:'h', speed:17, inset:false, arrows:false, hover:false, customClass:'', align:'bottom',type:'thumbs', margin:5, width:200, height:200, space:5, fillMode:'fill' , hideUnder:600 });\n\t\t\t\/\/ slider setup\n\t\t\tmasterslider_d726.setup(\"MS69ee46afed726\", {\n\t\t\t\twidth           : 1500,\n\t\t\t\theight          : 1000,\n\t\t\t\tminHeight       : 0,\n\t\t\t\tspace           : 0,\n\t\t\t\tstart           : 1,\n\t\t\t\tgrabCursor      : true,\n\t\t\t\tswipe           : true,\n\t\t\t\tmouse           : true,\n\t\t\t\tkeyboard        : false,\n\t\t\t\tlayout          : \"boxed\",\n\t\t\t\twheel           : false,\n\t\t\t\tautoplay        : true,\n                instantStartLayers:false,\n\t\t\t\tmobileBGVideo:false,\n\t\t\t\tloop            : true,\n\t\t\t\tshuffle         : false,\n\t\t\t\tpreload         : 0,\n\t\t\t\theightLimit     : true,\n\t\t\t\tautoHeight      : false,\n\t\t\t\tsmoothHeight    : true,\n\t\t\t\tendPause        : false,\n\t\t\t\toverPause       : true,\n\t\t\t\tfillMode        : \"fill\",\n\t\t\t\tcenterControls  : true,\n\t\t\t\tstartOnAppear   : false,\n\t\t\t\tlayersMode      : \"center\",\n\t\t\t\tautofillTarget  : \"\",\n\t\t\t\thideLayers      : false,\n\t\t\t\tfullscreenMargin: 0,\n\t\t\t\tspeed           : 20,\n\t\t\t\tdir             : \"h\",\n\t\t\t\tresponsive      : true,\n\t\t\t\ttabletWidth     : 768,\n\t\t\t\ttabletHeight    : null,\n\t\t\t\tphoneWidth      : 480,\n\t\t\t\tphoneHeight    : null,\n\t\t\t\tsizingReference : window,\n\t\t\t\tparallaxMode    : 'swipe',\n\t\t\t\tview            : \"basic\"\n\t\t\t});\n\n\t\t\t\n\t\t\twindow.masterslider_instances = window.masterslider_instances || [];\n\t\t\twindow.masterslider_instances.push( masterslider_d726 );\n\t\t});\n\t\t<\/script>\n\n\n<\/div><\/div><\/div><\/div><div class=\"wpb_column vc_column_container us_custom_6e4478d3 has_bg_color\"><div class=\"vc_column-inner\"><div class=\"wpb_text_column us_custom_0269de41\"><div class=\"wpb_wrapper\"><p><span style=\"font-family: arial, helvetica, sans-serif; font-size: 18pt; color: #d0bb79;\">Klettersteige<\/span><\/p>\n<p>Kletterer f\u00fchlen sich in der Ferienregion wie im Paradies! Bei einer kleinen Tour wird schnell klar, Klettern genie\u00dft hier einen ganz hohen Stellenwert. Hier kann man wahrlich den ganzen Tag klettern.<\/p>\n<p><span style=\"color: #d0bb79;\"><strong><span style=\"font-family: arial, helvetica, sans-serif; font-size: 14pt;\">Klettersteige<\/span><\/strong><\/span><\/p>\n<ul>\n<li><span style=\"font-family: arial, helvetica, sans-serif;\"><a href=\"http:\/\/www.climbers-paradise.com\/klettern\/location-details\/location\/klettersteig\/imst\/leite-klettersteig-nassereith\/\" target=\"_blank\" rel=\"noopener\">Leite-Klettersteig<\/a>\u00a0in Nassereith<\/span><br \/>\n<span style=\"font-family: arial, helvetica, sans-serif;\">Der sportliche, moderne und wirklich herausfordernde Klettersteig erschlie\u00dft perfekt die Kalkw\u00e4nde des Tieftals.\u00a0Beste Zeit f\u00fcr den Klettersteig ist von Mai bis Oktober, grunds\u00e4tzlich ist er aber das ganze Jahr \u00fcber begehbar.\u00a0C \/ D<\/span><\/li>\n<li><span style=\"font-family: arial, helvetica, sans-serif;\"><a href=\"http:\/\/www.climbers-paradise.com\/klettern\/location-details\/location\/klettersteig\/imst\/imster-klettersteig-maldonkopf\/\" target=\"_blank\" rel=\"noopener\">Imster Klettersteig<\/a>\u00a0auf den Maldonkopf<\/span><br \/>\n<span style=\"font-family: arial, helvetica, sans-serif;\">Mit Tritt- und Steighilfen ausgestattet, f\u00fchrt der Imster Klettersteig mitten hinein ins hochalpine Klettererlebnis.<\/span><\/li>\n<li><span style=\"font-family: arial, helvetica, sans-serif;\"><a href=\"https:\/\/www.climbers-paradise.com\/klettersteige-ferienregion-imst\/location\/muttekopfhuette-klettersteig\/\" target=\"_blank\" rel=\"noopener\">Wasserfall Klettersteig<\/a>\u00a0bei der Muttekopfh\u00fctte<\/span><br \/>\n<span style=\"font-family: arial, helvetica, sans-serif;\">Moderner, kurzer Sportklettersteig in H\u00fcttenn\u00e4he. F\u00fcr Familien, Kinder, Jugendliche und f\u00fcr Einsteiger bei entsprechender Sicherung geeignet. B \/ C<\/span><\/li>\n<li><span style=\"font-family: arial, helvetica, sans-serif;\"><a href=\"http:\/\/www.climbers-paradise.com\/klettern\/location-details\/location\/klettersteig\/imst\/hanauer-klettersteig\/\" target=\"_blank\" rel=\"noopener\">Hanauer Klettersteige<\/a>\u00a0bei der Hanauer H\u00fctte<\/span><br \/>\n<span style=\"font-family: arial, helvetica, sans-serif;\">Fantastische H\u00fcttenklettersteige mit langer Seilbr\u00fccke. Die H\u00fctte sitzt auf einem Felspodest. Wenn man von Boden aus zusteigt, bauen sich die Felsw\u00e4nde dieses Sockels am Hochtalende auf, durch welchen in zwei Varianten die Klettersteige f\u00fchren. A \/ D \/ B bis C \/ D<\/span><\/li>\n<\/ul>\n<p><span style=\"font-family: arial, helvetica, sans-serif;\">Weitere Infos: <a href=\"https:\/\/www.imst.at\/de\/aktivitaeten\/sommer\/klettern\/klettern-im-freien\/klettergarten\" target=\"_blank\" rel=\"noopener\">Kletterg\u00e4rten Nassereith<\/a><\/span><\/p>\n<\/div><\/div><\/div><\/div><\/div><\/div><\/section><section class=\"l-section wpb_row us_custom_dfddb007 height_custom\"><div class=\"l-section-h i-cf\"><div class=\"g-cols vc_row via_grid cols_1 laptops-cols_inherit tablets-cols_inherit mobiles-cols_1 valign_top type_default stacking_default\"><div class=\"wpb_column vc_column_container us_custom_6e4478d3  hide_on_default hide_on_laptops hide_on_tablets has_bg_color\"><div class=\"vc_column-inner\"><div class=\"wpb_text_column us_custom_f48d39bd\"><div class=\"wpb_wrapper\">\n\t\t<!-- MasterSlider -->\n\t\t<div id=\"P_MS69ee46aff044a\" class=\"master-slider-parent ms-parent-id-8\" style=\"max-width:1500px;\" >\n\n\t\t\t\n\t\t\t<!-- MasterSlider Main -->\n\t\t\t<div id=\"MS69ee46aff044a\" class=\"master-slider ms-skin-black-2 round-skin\" >\n\t\t\t\t \t\t\t\t \n\n\t\t\t<div  class=\"ms-slide\" data-delay=\"3\" data-fill-mode=\"fill\"   >\n\t\t\t\t\t<img decoding=\"async\" src=\"https:\/\/www.fernsteinsee.at\/info\/wp-content\/plugins\/masterslider\/public\/assets\/css\/blank.gif\" alt=\"\" title=\"1\" data-src=\"https:\/\/www.fernsteinsee.at\/info\/wp-content\/uploads\/2022\/05\/1-3.jpg\" \/>\n\n\n\t<img decoding=\"async\" class=\"ms-thumb\" src=\"https:\/\/www.fernsteinsee.at\/info\/wp-content\/uploads\/2022\/05\/1-3-200x200.jpg\" alt=\"\" \/>\n\t\t\t\t<\/div>\n\t\t\t<div  class=\"ms-slide\" data-delay=\"3\" data-fill-mode=\"fill\"   >\n\t\t\t\t\t<img decoding=\"async\" src=\"https:\/\/www.fernsteinsee.at\/info\/wp-content\/plugins\/masterslider\/public\/assets\/css\/blank.gif\" alt=\"\" title=\"2\" data-src=\"https:\/\/www.fernsteinsee.at\/info\/wp-content\/uploads\/2022\/05\/2-3.jpg\" \/>\n\n\n\t<img decoding=\"async\" class=\"ms-thumb\" src=\"https:\/\/www.fernsteinsee.at\/info\/wp-content\/uploads\/2022\/05\/2-3-200x200.jpg\" alt=\"\" \/>\n\t\t\t\t<\/div>\n\t\t\t<div  class=\"ms-slide\" data-delay=\"3\" data-fill-mode=\"fill\"   >\n\t\t\t\t\t<img decoding=\"async\" src=\"https:\/\/www.fernsteinsee.at\/info\/wp-content\/plugins\/masterslider\/public\/assets\/css\/blank.gif\" alt=\"\" title=\"Fotograf\" data-src=\"https:\/\/www.fernsteinsee.at\/info\/wp-content\/uploads\/2022\/05\/3-3.jpg\" \/>\n\n\n\t<img decoding=\"async\" class=\"ms-thumb\" src=\"https:\/\/www.fernsteinsee.at\/info\/wp-content\/uploads\/2022\/05\/3-3-200x200.jpg\" alt=\"\" \/>\n\t\t\t\t<\/div>\n\t\t\t<div  class=\"ms-slide\" data-delay=\"3\" data-fill-mode=\"fill\"   >\n\t\t\t\t\t<img decoding=\"async\" src=\"https:\/\/www.fernsteinsee.at\/info\/wp-content\/plugins\/masterslider\/public\/assets\/css\/blank.gif\" alt=\"\" title=\"4\" data-src=\"https:\/\/www.fernsteinsee.at\/info\/wp-content\/uploads\/2022\/05\/4-3.jpg\" \/>\n\n\n\t<img decoding=\"async\" class=\"ms-thumb\" src=\"https:\/\/www.fernsteinsee.at\/info\/wp-content\/uploads\/2022\/05\/4-3-200x200.jpg\" alt=\"\" \/>\n\t\t\t\t<\/div>\n\t\t\t<div  class=\"ms-slide\" data-delay=\"3\" data-fill-mode=\"fill\"   >\n\t\t\t\t\t<img decoding=\"async\" src=\"https:\/\/www.fernsteinsee.at\/info\/wp-content\/plugins\/masterslider\/public\/assets\/css\/blank.gif\" alt=\"\" title=\"5\" data-src=\"https:\/\/www.fernsteinsee.at\/info\/wp-content\/uploads\/2022\/05\/5-3.jpg\" \/>\n\n\n\t<img decoding=\"async\" class=\"ms-thumb\" src=\"https:\/\/www.fernsteinsee.at\/info\/wp-content\/uploads\/2022\/05\/5-3-200x200.jpg\" alt=\"\" \/>\n\t\t\t\t<\/div>\n\n\t\t\t<\/div>\n\t\t\t<!-- END MasterSlider Main -->\n\n\t\t\t \n\t\t<\/div>\n\t\t<!-- END MasterSlider -->\n\n\t\t<script>\n\t\t( window.MSReady = window.MSReady || [] ).push( function( $ ) {\n\n\t\t\t\"use strict\";\n\t\t\tvar masterslider_044a = new MasterSlider();\n\n\t\t\t\/\/ slider controls\n\t\t\tmasterslider_044a.control('arrows'     ,{ autohide:true, overVideo:true  });\n\t\t\tmasterslider_044a.control('thumblist'  ,{ autohide:false, overVideo:true, dir:'h', speed:17, inset:false, arrows:false, hover:false, customClass:'', align:'bottom',type:'thumbs', margin:5, width:200, height:200, space:5, fillMode:'fill' , hideUnder:600 });\n\t\t\t\/\/ slider setup\n\t\t\tmasterslider_044a.setup(\"MS69ee46aff044a\", {\n\t\t\t\twidth           : 1500,\n\t\t\t\theight          : 1000,\n\t\t\t\tminHeight       : 0,\n\t\t\t\tspace           : 0,\n\t\t\t\tstart           : 1,\n\t\t\t\tgrabCursor      : true,\n\t\t\t\tswipe           : true,\n\t\t\t\tmouse           : true,\n\t\t\t\tkeyboard        : false,\n\t\t\t\tlayout          : \"boxed\",\n\t\t\t\twheel           : false,\n\t\t\t\tautoplay        : true,\n                instantStartLayers:false,\n\t\t\t\tmobileBGVideo:false,\n\t\t\t\tloop            : true,\n\t\t\t\tshuffle         : false,\n\t\t\t\tpreload         : 0,\n\t\t\t\theightLimit     : true,\n\t\t\t\tautoHeight      : false,\n\t\t\t\tsmoothHeight    : true,\n\t\t\t\tendPause        : false,\n\t\t\t\toverPause       : true,\n\t\t\t\tfillMode        : \"fill\",\n\t\t\t\tcenterControls  : true,\n\t\t\t\tstartOnAppear   : false,\n\t\t\t\tlayersMode      : \"center\",\n\t\t\t\tautofillTarget  : \"\",\n\t\t\t\thideLayers      : false,\n\t\t\t\tfullscreenMargin: 0,\n\t\t\t\tspeed           : 20,\n\t\t\t\tdir             : \"h\",\n\t\t\t\tresponsive      : true,\n\t\t\t\ttabletWidth     : 768,\n\t\t\t\ttabletHeight    : null,\n\t\t\t\tphoneWidth      : 480,\n\t\t\t\tphoneHeight    : null,\n\t\t\t\tsizingReference : window,\n\t\t\t\tparallaxMode    : 'swipe',\n\t\t\t\tview            : \"basic\"\n\t\t\t});\n\n\t\t\t\n\t\t\twindow.masterslider_instances = window.masterslider_instances || [];\n\t\t\twindow.masterslider_instances.push( masterslider_044a );\n\t\t});\n\t\t<\/script>\n\n\n<\/div><\/div><\/div><\/div><\/div><\/div><\/section>\n<\/div>","protected":false},"excerpt":{"rendered":"Klettersteige Kletterer f\u00fchlen sich in der Ferienregion wie im Paradies! Bei einer kleinen Tour wird schnell klar, Klettern genie\u00dft hier einen ganz hohen Stellenwert. Hier kann man wahrlich den ganzen Tag klettern. Klettersteige Leite-Klettersteig\u00a0in Nassereith Der sportliche, moderne und wirklich herausfordernde Klettersteig erschlie\u00dft perfekt die Kalkw\u00e4nde des Tieftals.\u00a0Beste Zeit f\u00fcr den Klettersteig ist von Mai...","protected":false},"author":1,"featured_media":0,"parent":0,"menu_order":0,"comment_status":"closed","ping_status":"closed","template":"","meta":{"_monsterinsights_skip_tracking":false,"_monsterinsights_sitenote_active":false,"_monsterinsights_sitenote_note":"","_monsterinsights_sitenote_category":0,"footnotes":""},"class_list":["post-569","page","type-page","status-publish","hentry"],"_links":{"self":[{"href":"https:\/\/www.fernsteinsee.at\/info\/wp-json\/wp\/v2\/pages\/569","targetHints":{"allow":["GET"]}}],"collection":[{"href":"https:\/\/www.fernsteinsee.at\/info\/wp-json\/wp\/v2\/pages"}],"about":[{"href":"https:\/\/www.fernsteinsee.at\/info\/wp-json\/wp\/v2\/types\/page"}],"author":[{"embeddable":true,"href":"https:\/\/www.fernsteinsee.at\/info\/wp-json\/wp\/v2\/users\/1"}],"replies":[{"embeddable":true,"href":"https:\/\/www.fernsteinsee.at\/info\/wp-json\/wp\/v2\/comments?post=569"}],"version-history":[{"count":0,"href":"https:\/\/www.fernsteinsee.at\/info\/wp-json\/wp\/v2\/pages\/569\/revisions"}],"wp:attachment":[{"href":"https:\/\/www.fernsteinsee.at\/info\/wp-json\/wp\/v2\/media?parent=569"}],"curies":[{"name":"wp","href":"https:\/\/api.w.org\/{rel}","templated":true}]}}