{"id":583,"date":"2022-05-29T15:13:46","date_gmt":"2022-05-29T13:13:46","guid":{"rendered":"https:\/\/www.fernsteinsee.at\/info\/?page_id=583"},"modified":"2022-05-29T15:33:22","modified_gmt":"2022-05-29T13:33:22","slug":"motorrad-touren","status":"publish","type":"page","link":"https:\/\/www.fernsteinsee.at\/info\/motorrad-touren\/","title":{"rendered":"Motorrad Touren"},"content":{"rendered":"<div class=\"wpb-content-wrapper\"><section class=\"l-section wpb_row height_custom\"><div class=\"l-section-h i-cf\"><div class=\"g-cols vc_row via_grid cols_2 laptops-cols_inherit tablets-cols_inherit mobiles-cols_1 valign_top type_default stacking_default\" style=\"grid-gap:1rem;\"><div class=\"wpb_column vc_column_container us_custom_6e4478d3  hide_on_mobiles has_bg_color\"><div class=\"vc_column-inner\"><div class=\"wpb_text_column us_custom_f48d39bd\"><div class=\"wpb_wrapper\">\n\t\t<!-- MasterSlider -->\n\t\t<div id=\"P_MS6a04767b50bf9\" class=\"master-slider-parent ms-parent-id-9\" style=\"max-width:1500px;\" >\n\n\t\t\t\n\t\t\t<!-- MasterSlider Main -->\n\t\t\t<div id=\"MS6a04767b50bf9\" class=\"master-slider ms-skin-black-2 round-skin\" >\n\t\t\t\t \t\t\t\t \n\n\t\t\t<div  class=\"ms-slide\" data-delay=\"3\" data-fill-mode=\"fill\"   >\n\t\t\t\t\t<img decoding=\"async\" src=\"https:\/\/www.fernsteinsee.at\/info\/wp-content\/plugins\/masterslider\/public\/assets\/css\/blank.gif\" alt=\"\" title=\"g_raststation_motorrad_19\" data-src=\"https:\/\/www.fernsteinsee.at\/info\/wp-content\/uploads\/2022\/05\/g_raststation_motorrad_19.jpg\" \/>\n\n\n\t<img decoding=\"async\" class=\"ms-thumb\" src=\"https:\/\/www.fernsteinsee.at\/info\/wp-content\/uploads\/2022\/05\/g_raststation_motorrad_19-200x200.jpg\" alt=\"\" \/>\n\t\t\t\t<\/div>\n\t\t\t<div  class=\"ms-slide\" data-delay=\"3\" data-fill-mode=\"fill\"   >\n\t\t\t\t\t<img decoding=\"async\" src=\"https:\/\/www.fernsteinsee.at\/info\/wp-content\/plugins\/masterslider\/public\/assets\/css\/blank.gif\" alt=\"\" title=\"g_raststation_motorrad_14\" data-src=\"https:\/\/www.fernsteinsee.at\/info\/wp-content\/uploads\/2022\/05\/g_raststation_motorrad_14.jpg\" \/>\n\n\n\t<img decoding=\"async\" class=\"ms-thumb\" src=\"https:\/\/www.fernsteinsee.at\/info\/wp-content\/uploads\/2022\/05\/g_raststation_motorrad_14-200x200.jpg\" alt=\"\" \/>\n\t\t\t\t<\/div>\n\n\t\t\t<\/div>\n\t\t\t<!-- END MasterSlider Main -->\n\n\t\t\t \n\t\t<\/div>\n\t\t<!-- END MasterSlider -->\n\n\t\t<script>\n\t\t( window.MSReady = window.MSReady || [] ).push( function( $ ) {\n\n\t\t\t\"use strict\";\n\t\t\tvar masterslider_0bf9 = new MasterSlider();\n\n\t\t\t\/\/ slider controls\n\t\t\tmasterslider_0bf9.control('arrows'     ,{ autohide:true, overVideo:true  });\n\t\t\tmasterslider_0bf9.control('thumblist'  ,{ autohide:false, overVideo:true, dir:'h', speed:17, inset:false, arrows:false, hover:false, customClass:'', align:'bottom',type:'thumbs', margin:5, width:200, height:200, space:5, fillMode:'fill' , hideUnder:600 });\n\t\t\t\/\/ slider setup\n\t\t\tmasterslider_0bf9.setup(\"MS6a04767b50bf9\", {\n\t\t\t\twidth           : 1500,\n\t\t\t\theight          : 1000,\n\t\t\t\tminHeight       : 0,\n\t\t\t\tspace           : 0,\n\t\t\t\tstart           : 1,\n\t\t\t\tgrabCursor      : true,\n\t\t\t\tswipe           : true,\n\t\t\t\tmouse           : true,\n\t\t\t\tkeyboard        : false,\n\t\t\t\tlayout          : \"boxed\",\n\t\t\t\twheel           : false,\n\t\t\t\tautoplay        : true,\n                instantStartLayers:false,\n\t\t\t\tmobileBGVideo:false,\n\t\t\t\tloop            : true,\n\t\t\t\tshuffle         : false,\n\t\t\t\tpreload         : 0,\n\t\t\t\theightLimit     : true,\n\t\t\t\tautoHeight      : false,\n\t\t\t\tsmoothHeight    : true,\n\t\t\t\tendPause        : false,\n\t\t\t\toverPause       : true,\n\t\t\t\tfillMode        : \"fill\",\n\t\t\t\tcenterControls  : true,\n\t\t\t\tstartOnAppear   : false,\n\t\t\t\tlayersMode      : \"center\",\n\t\t\t\tautofillTarget  : \"\",\n\t\t\t\thideLayers      : false,\n\t\t\t\tfullscreenMargin: 0,\n\t\t\t\tspeed           : 20,\n\t\t\t\tdir             : \"h\",\n\t\t\t\tresponsive      : true,\n\t\t\t\ttabletWidth     : 768,\n\t\t\t\ttabletHeight    : null,\n\t\t\t\tphoneWidth      : 480,\n\t\t\t\tphoneHeight    : null,\n\t\t\t\tsizingReference : window,\n\t\t\t\tparallaxMode    : 'swipe',\n\t\t\t\tview            : \"basic\"\n\t\t\t});\n\n\t\t\t\n\t\t\twindow.masterslider_instances = window.masterslider_instances || [];\n\t\t\twindow.masterslider_instances.push( masterslider_0bf9 );\n\t\t});\n\t\t<\/script>\n\n\n<\/div><\/div><\/div><\/div><div class=\"wpb_column vc_column_container us_custom_6e4478d3 has_bg_color\"><div class=\"vc_column-inner\"><div class=\"wpb_text_column us_custom_0269de41\"><div class=\"wpb_wrapper\"><p><span style=\"font-family: arial, helvetica, sans-serif; font-size: 18pt; color: #d0bb79;\">Motorrad Touren<\/span><\/p>\n<p>S\u00fcdlich des Fernpasses liegen wir optimal als Ausgangspunkt f\u00fcr einige der sch\u00f6nsten Touren in den Alpen.<\/p>\n<p><span style=\"color: #d0bb79;\"><strong><span style=\"font-family: arial, helvetica, sans-serif; font-size: 14pt;\">Was das Bikerherz begehrt:<\/span><\/strong><\/span><\/p>\n<div class=\"zsp_bildergalerie_b\">\n<ul>\n<li>\u00dcberdachte Unterstellm\u00f6glichkeit<\/li>\n<li>Trockenraum<\/li>\n<li>W\u00e4scheservice (gegen Geb\u00fchr)<\/li>\n<li>Programm f\u00fcr motorradfreie Tage<\/li>\n<li>Sauna<\/li>\n<li>Pers\u00f6nliche Beratung<\/li>\n<li>Tourenvorschl\u00e4ge<\/li>\n<li>Lunchpaket f\u00fcr unterwegs (kostenpflichtig)<\/li>\n<li>reichhaltiges Fr\u00fchst\u00fccksbuffet<\/li>\n<\/ul>\n<\/div>\n<p>&nbsp;<\/p>\n<p><span style=\"color: #d0bb79;\"><strong><span style=\"font-family: arial, helvetica, sans-serif; font-size: 14pt;\">Kleine Tourenauswahl:<\/span><\/strong><\/span><\/p>\n<div class=\"zsp_bildergalerie_b\">\n<ul>\n<li>Hahntennjoch<\/li>\n<li>Bielerh\u00f6he, Flexenpass<\/li>\n<li>Stilfser Joch<\/li>\n<li>Timmelsjoch<\/li>\n<li>Via-Mala, Fl\u00fcela<\/li>\n<li>Innsbruck-K\u00fchtai<\/li>\n<li>Plansee, Neuschwanstein<\/li>\n<li>Kaunertalgletscher<\/li>\n<li>Bregenzerwald<\/li>\n<\/ul>\n<\/div>\n<\/div><\/div><\/div><\/div><\/div><\/div><\/section><section class=\"l-section wpb_row us_custom_dfddb007 height_custom\"><div class=\"l-section-h i-cf\"><div class=\"g-cols vc_row via_grid cols_1 laptops-cols_inherit tablets-cols_inherit mobiles-cols_1 valign_top type_default stacking_default\"><div class=\"wpb_column vc_column_container us_custom_6e4478d3  hide_on_default hide_on_laptops hide_on_tablets has_bg_color\"><div class=\"vc_column-inner\"><div class=\"wpb_text_column us_custom_f48d39bd\"><div class=\"wpb_wrapper\">\n\t\t<!-- MasterSlider -->\n\t\t<div id=\"P_MS6a04767b52b3f\" class=\"master-slider-parent ms-parent-id-9\" style=\"max-width:1500px;\" >\n\n\t\t\t\n\t\t\t<!-- MasterSlider Main -->\n\t\t\t<div id=\"MS6a04767b52b3f\" class=\"master-slider ms-skin-black-2 round-skin\" >\n\t\t\t\t \t\t\t\t \n\n\t\t\t<div  class=\"ms-slide\" data-delay=\"3\" data-fill-mode=\"fill\"   >\n\t\t\t\t\t<img decoding=\"async\" src=\"https:\/\/www.fernsteinsee.at\/info\/wp-content\/plugins\/masterslider\/public\/assets\/css\/blank.gif\" alt=\"\" title=\"g_raststation_motorrad_19\" data-src=\"https:\/\/www.fernsteinsee.at\/info\/wp-content\/uploads\/2022\/05\/g_raststation_motorrad_19.jpg\" \/>\n\n\n\t<img decoding=\"async\" class=\"ms-thumb\" src=\"https:\/\/www.fernsteinsee.at\/info\/wp-content\/uploads\/2022\/05\/g_raststation_motorrad_19-200x200.jpg\" alt=\"\" \/>\n\t\t\t\t<\/div>\n\t\t\t<div  class=\"ms-slide\" data-delay=\"3\" data-fill-mode=\"fill\"   >\n\t\t\t\t\t<img decoding=\"async\" src=\"https:\/\/www.fernsteinsee.at\/info\/wp-content\/plugins\/masterslider\/public\/assets\/css\/blank.gif\" alt=\"\" title=\"g_raststation_motorrad_14\" data-src=\"https:\/\/www.fernsteinsee.at\/info\/wp-content\/uploads\/2022\/05\/g_raststation_motorrad_14.jpg\" \/>\n\n\n\t<img decoding=\"async\" class=\"ms-thumb\" src=\"https:\/\/www.fernsteinsee.at\/info\/wp-content\/uploads\/2022\/05\/g_raststation_motorrad_14-200x200.jpg\" alt=\"\" \/>\n\t\t\t\t<\/div>\n\n\t\t\t<\/div>\n\t\t\t<!-- END MasterSlider Main -->\n\n\t\t\t \n\t\t<\/div>\n\t\t<!-- END MasterSlider -->\n\n\t\t<script>\n\t\t( window.MSReady = window.MSReady || [] ).push( function( $ ) {\n\n\t\t\t\"use strict\";\n\t\t\tvar masterslider_2b3f = new MasterSlider();\n\n\t\t\t\/\/ slider controls\n\t\t\tmasterslider_2b3f.control('arrows'     ,{ autohide:true, overVideo:true  });\n\t\t\tmasterslider_2b3f.control('thumblist'  ,{ autohide:false, overVideo:true, dir:'h', speed:17, inset:false, arrows:false, hover:false, customClass:'', align:'bottom',type:'thumbs', margin:5, width:200, height:200, space:5, fillMode:'fill' , hideUnder:600 });\n\t\t\t\/\/ slider setup\n\t\t\tmasterslider_2b3f.setup(\"MS6a04767b52b3f\", {\n\t\t\t\twidth           : 1500,\n\t\t\t\theight          : 1000,\n\t\t\t\tminHeight       : 0,\n\t\t\t\tspace           : 0,\n\t\t\t\tstart           : 1,\n\t\t\t\tgrabCursor      : true,\n\t\t\t\tswipe           : true,\n\t\t\t\tmouse           : true,\n\t\t\t\tkeyboard        : false,\n\t\t\t\tlayout          : \"boxed\",\n\t\t\t\twheel           : false,\n\t\t\t\tautoplay        : true,\n                instantStartLayers:false,\n\t\t\t\tmobileBGVideo:false,\n\t\t\t\tloop            : true,\n\t\t\t\tshuffle         : false,\n\t\t\t\tpreload         : 0,\n\t\t\t\theightLimit     : true,\n\t\t\t\tautoHeight      : false,\n\t\t\t\tsmoothHeight    : true,\n\t\t\t\tendPause        : false,\n\t\t\t\toverPause       : true,\n\t\t\t\tfillMode        : \"fill\",\n\t\t\t\tcenterControls  : true,\n\t\t\t\tstartOnAppear   : false,\n\t\t\t\tlayersMode      : \"center\",\n\t\t\t\tautofillTarget  : \"\",\n\t\t\t\thideLayers      : false,\n\t\t\t\tfullscreenMargin: 0,\n\t\t\t\tspeed           : 20,\n\t\t\t\tdir             : \"h\",\n\t\t\t\tresponsive      : true,\n\t\t\t\ttabletWidth     : 768,\n\t\t\t\ttabletHeight    : null,\n\t\t\t\tphoneWidth      : 480,\n\t\t\t\tphoneHeight    : null,\n\t\t\t\tsizingReference : window,\n\t\t\t\tparallaxMode    : 'swipe',\n\t\t\t\tview            : \"basic\"\n\t\t\t});\n\n\t\t\t\n\t\t\twindow.masterslider_instances = window.masterslider_instances || [];\n\t\t\twindow.masterslider_instances.push( masterslider_2b3f );\n\t\t});\n\t\t<\/script>\n\n\n<\/div><\/div><\/div><\/div><\/div><\/div><\/section>\n<\/div>","protected":false},"excerpt":{"rendered":"Motorrad Touren S\u00fcdlich des Fernpasses liegen wir optimal als Ausgangspunkt f\u00fcr einige der sch\u00f6nsten Touren in den Alpen. Was das Bikerherz begehrt: \u00dcberdachte Unterstellm\u00f6glichkeit Trockenraum W\u00e4scheservice (gegen Geb\u00fchr) Programm f\u00fcr motorradfreie Tage Sauna Pers\u00f6nliche Beratung Tourenvorschl\u00e4ge Lunchpaket f\u00fcr unterwegs (kostenpflichtig) reichhaltiges Fr\u00fchst\u00fccksbuffet &nbsp; Kleine Tourenauswahl: Hahntennjoch Bielerh\u00f6he, Flexenpass Stilfser Joch Timmelsjoch Via-Mala, Fl\u00fcela Innsbruck-K\u00fchtai Plansee,...","protected":false},"author":1,"featured_media":0,"parent":0,"menu_order":0,"comment_status":"closed","ping_status":"closed","template":"","meta":{"_monsterinsights_skip_tracking":false,"_monsterinsights_sitenote_active":false,"_monsterinsights_sitenote_note":"","_monsterinsights_sitenote_category":0,"footnotes":""},"class_list":["post-583","page","type-page","status-publish","hentry"],"_links":{"self":[{"href":"https:\/\/www.fernsteinsee.at\/info\/wp-json\/wp\/v2\/pages\/583","targetHints":{"allow":["GET"]}}],"collection":[{"href":"https:\/\/www.fernsteinsee.at\/info\/wp-json\/wp\/v2\/pages"}],"about":[{"href":"https:\/\/www.fernsteinsee.at\/info\/wp-json\/wp\/v2\/types\/page"}],"author":[{"embeddable":true,"href":"https:\/\/www.fernsteinsee.at\/info\/wp-json\/wp\/v2\/users\/1"}],"replies":[{"embeddable":true,"href":"https:\/\/www.fernsteinsee.at\/info\/wp-json\/wp\/v2\/comments?post=583"}],"version-history":[{"count":0,"href":"https:\/\/www.fernsteinsee.at\/info\/wp-json\/wp\/v2\/pages\/583\/revisions"}],"wp:attachment":[{"href":"https:\/\/www.fernsteinsee.at\/info\/wp-json\/wp\/v2\/media?parent=583"}],"curies":[{"name":"wp","href":"https:\/\/api.w.org\/{rel}","templated":true}]}}