{"id":883,"date":"2022-06-01T18:21:40","date_gmt":"2022-06-01T16:21:40","guid":{"rendered":"https:\/\/www.fernsteinsee.at\/info\/?page_id=883"},"modified":"2022-06-01T19:01:35","modified_gmt":"2022-06-01T17:01:35","slug":"campingstueberl","status":"publish","type":"page","link":"https:\/\/www.fernsteinsee.at\/info\/campingstueberl\/","title":{"rendered":"Campingst\u00fcberl &#038; Terrasse"},"content":{"rendered":"<div class=\"wpb-content-wrapper\"><section class=\"l-section wpb_row height_custom\"><div class=\"l-section-h i-cf\"><div class=\"g-cols vc_row via_grid cols_2 laptops-cols_inherit tablets-cols_inherit mobiles-cols_1 valign_top type_default stacking_default\" style=\"grid-gap:1rem;\"><div class=\"wpb_column vc_column_container us_custom_6e4478d3  hide_on_mobiles has_bg_color\"><div class=\"vc_column-inner\"><div class=\"wpb_text_column us_custom_f48d39bd\"><div class=\"wpb_wrapper\">\n\t\t<!-- MasterSlider -->\n\t\t<div id=\"P_MS6a04767c299b5\" class=\"master-slider-parent ms-parent-id-34\" style=\"max-width:1500px;\" >\n\n\t\t\t\n\t\t\t<!-- MasterSlider Main -->\n\t\t\t<div id=\"MS6a04767c299b5\" class=\"master-slider ms-skin-default\" >\n\t\t\t\t \t\t\t\t \n\n\t\t\t<div  class=\"ms-slide\" data-delay=\"3\" data-fill-mode=\"fill\"   >\n\t\t\t\t\t<img decoding=\"async\" src=\"https:\/\/www.fernsteinsee.at\/info\/wp-content\/plugins\/masterslider\/public\/assets\/css\/blank.gif\" alt=\"\" title=\"1\" data-src=\"https:\/\/www.fernsteinsee.at\/info\/wp-content\/uploads\/2022\/06\/1-2.jpg\" \/>\n\n\n\t<img decoding=\"async\" class=\"ms-thumb\" src=\"https:\/\/www.fernsteinsee.at\/info\/wp-content\/uploads\/2022\/06\/1-2-200x200.jpg\" alt=\"\" \/>\n\t\t\t\t<\/div>\n\t\t\t<div  class=\"ms-slide\" data-delay=\"3\" data-fill-mode=\"fill\"   >\n\t\t\t\t\t<img decoding=\"async\" src=\"https:\/\/www.fernsteinsee.at\/info\/wp-content\/plugins\/masterslider\/public\/assets\/css\/blank.gif\" alt=\"\" title=\"3\" data-src=\"https:\/\/www.fernsteinsee.at\/info\/wp-content\/uploads\/2022\/06\/3-1.jpg\" \/>\n\n\n\t<img decoding=\"async\" class=\"ms-thumb\" src=\"https:\/\/www.fernsteinsee.at\/info\/wp-content\/uploads\/2022\/06\/3-1-200x200.jpg\" alt=\"\" \/>\n\t\t\t\t<\/div>\n\t\t\t<div  class=\"ms-slide\" data-delay=\"3\" data-fill-mode=\"fill\"   >\n\t\t\t\t\t<img decoding=\"async\" src=\"https:\/\/www.fernsteinsee.at\/info\/wp-content\/plugins\/masterslider\/public\/assets\/css\/blank.gif\" alt=\"\" title=\"4\" data-src=\"https:\/\/www.fernsteinsee.at\/info\/wp-content\/uploads\/2022\/06\/4-1.jpg\" \/>\n\n\n\t<img decoding=\"async\" class=\"ms-thumb\" src=\"https:\/\/www.fernsteinsee.at\/info\/wp-content\/uploads\/2022\/06\/4-1-200x200.jpg\" alt=\"\" \/>\n\t\t\t\t<\/div>\n\t\t\t<div  class=\"ms-slide\" data-delay=\"3\" data-fill-mode=\"fill\"   >\n\t\t\t\t\t<img decoding=\"async\" src=\"https:\/\/www.fernsteinsee.at\/info\/wp-content\/plugins\/masterslider\/public\/assets\/css\/blank.gif\" alt=\"\" title=\"5\" data-src=\"https:\/\/www.fernsteinsee.at\/info\/wp-content\/uploads\/2022\/06\/5-1.jpg\" \/>\n\n\n\t<img decoding=\"async\" class=\"ms-thumb\" src=\"https:\/\/www.fernsteinsee.at\/info\/wp-content\/uploads\/2022\/06\/5-1-200x200.jpg\" alt=\"\" \/>\n\t\t\t\t<\/div>\n\t\t\t<div  class=\"ms-slide\" data-delay=\"3\" data-fill-mode=\"fill\"   >\n\t\t\t\t\t<img decoding=\"async\" src=\"https:\/\/www.fernsteinsee.at\/info\/wp-content\/plugins\/masterslider\/public\/assets\/css\/blank.gif\" alt=\"\" title=\"6\" data-src=\"https:\/\/www.fernsteinsee.at\/info\/wp-content\/uploads\/2022\/06\/6-1.jpg\" \/>\n\n\n\t<img decoding=\"async\" class=\"ms-thumb\" src=\"https:\/\/www.fernsteinsee.at\/info\/wp-content\/uploads\/2022\/06\/6-1-200x200.jpg\" alt=\"\" \/>\n\t\t\t\t<\/div>\n\t\t\t<div  class=\"ms-slide\" data-delay=\"3\" data-fill-mode=\"fill\"   >\n\t\t\t\t\t<img decoding=\"async\" src=\"https:\/\/www.fernsteinsee.at\/info\/wp-content\/plugins\/masterslider\/public\/assets\/css\/blank.gif\" alt=\"\" title=\"8\" data-src=\"https:\/\/www.fernsteinsee.at\/info\/wp-content\/uploads\/2022\/06\/8-1.jpg\" \/>\n\n\n\t<img decoding=\"async\" class=\"ms-thumb\" src=\"https:\/\/www.fernsteinsee.at\/info\/wp-content\/uploads\/2022\/06\/8-1-200x200.jpg\" alt=\"\" \/>\n\t\t\t\t<\/div>\n\t\t\t<div  class=\"ms-slide\" data-delay=\"3\" data-fill-mode=\"fill\"   >\n\t\t\t\t\t<img decoding=\"async\" src=\"https:\/\/www.fernsteinsee.at\/info\/wp-content\/plugins\/masterslider\/public\/assets\/css\/blank.gif\" alt=\"\" title=\"bluehende-baeume\" data-src=\"https:\/\/www.fernsteinsee.at\/info\/wp-content\/uploads\/2022\/06\/bluehende-baeume.jpg\" \/>\n\n\n\t<img decoding=\"async\" class=\"ms-thumb\" src=\"https:\/\/www.fernsteinsee.at\/info\/wp-content\/uploads\/2022\/06\/bluehende-baeume-200x200.jpg\" alt=\"\" \/>\n\t\t\t\t<\/div>\n\t\t\t<div  class=\"ms-slide\" data-delay=\"3\" data-fill-mode=\"fill\"   >\n\t\t\t\t\t<img decoding=\"async\" src=\"https:\/\/www.fernsteinsee.at\/info\/wp-content\/plugins\/masterslider\/public\/assets\/css\/blank.gif\" alt=\"\" title=\"img_9041\" data-src=\"https:\/\/www.fernsteinsee.at\/info\/wp-content\/uploads\/2022\/06\/img_9041.jpg\" \/>\n\n\n\t<img decoding=\"async\" class=\"ms-thumb\" src=\"https:\/\/www.fernsteinsee.at\/info\/wp-content\/uploads\/2022\/06\/img_9041-200x200.jpg\" alt=\"\" \/>\n\t\t\t\t<\/div>\n\t\t\t<div  class=\"ms-slide\" data-delay=\"3\" data-fill-mode=\"fill\"   >\n\t\t\t\t\t<img decoding=\"async\" src=\"https:\/\/www.fernsteinsee.at\/info\/wp-content\/plugins\/masterslider\/public\/assets\/css\/blank.gif\" alt=\"\" title=\"oberer-stellplatz\" data-src=\"https:\/\/www.fernsteinsee.at\/info\/wp-content\/uploads\/2022\/06\/oberer-stellplatz.jpg\" \/>\n\n\n\t<img decoding=\"async\" class=\"ms-thumb\" src=\"https:\/\/www.fernsteinsee.at\/info\/wp-content\/uploads\/2022\/06\/oberer-stellplatz-200x200.jpg\" alt=\"\" \/>\n\t\t\t\t<\/div>\n\t\t\t<div  class=\"ms-slide\" data-delay=\"3\" data-fill-mode=\"fill\"   >\n\t\t\t\t\t<img decoding=\"async\" src=\"https:\/\/www.fernsteinsee.at\/info\/wp-content\/plugins\/masterslider\/public\/assets\/css\/blank.gif\" alt=\"\" title=\"obere-stellplaetze\" data-src=\"https:\/\/www.fernsteinsee.at\/info\/wp-content\/uploads\/2022\/06\/obere-stellplaetze.jpg\" \/>\n\n\n\t<img decoding=\"async\" class=\"ms-thumb\" src=\"https:\/\/www.fernsteinsee.at\/info\/wp-content\/uploads\/2022\/06\/obere-stellplaetze-200x200.jpg\" alt=\"\" \/>\n\t\t\t\t<\/div>\n\t\t\t<div  class=\"ms-slide\" data-delay=\"3\" data-fill-mode=\"fill\"   >\n\t\t\t\t\t<img decoding=\"async\" src=\"https:\/\/www.fernsteinsee.at\/info\/wp-content\/plugins\/masterslider\/public\/assets\/css\/blank.gif\" alt=\"\" title=\"stellplaetze\" data-src=\"https:\/\/www.fernsteinsee.at\/info\/wp-content\/uploads\/2022\/06\/stellplaetze.jpg\" \/>\n\n\n\t<img decoding=\"async\" class=\"ms-thumb\" src=\"https:\/\/www.fernsteinsee.at\/info\/wp-content\/uploads\/2022\/06\/stellplaetze-200x200.jpg\" alt=\"\" \/>\n\t\t\t\t<\/div>\n\t\t\t<div  class=\"ms-slide\" data-delay=\"3\" data-fill-mode=\"fill\"   >\n\t\t\t\t\t<img decoding=\"async\" src=\"https:\/\/www.fernsteinsee.at\/info\/wp-content\/plugins\/masterslider\/public\/assets\/css\/blank.gif\" alt=\"\" title=\"stellplatz_brunnen\" data-src=\"https:\/\/www.fernsteinsee.at\/info\/wp-content\/uploads\/2022\/06\/stellplatz_brunnen.jpg\" \/>\n\n\n\t<img decoding=\"async\" class=\"ms-thumb\" src=\"https:\/\/www.fernsteinsee.at\/info\/wp-content\/uploads\/2022\/06\/stellplatz_brunnen-200x200.jpg\" alt=\"\" \/>\n\t\t\t\t<\/div>\n\n\t\t\t<\/div>\n\t\t\t<!-- END MasterSlider Main -->\n\n\t\t\t \n\t\t<\/div>\n\t\t<!-- END MasterSlider -->\n\n\t\t<script>\n\t\t( window.MSReady = window.MSReady || [] ).push( function( $ ) {\n\n\t\t\t\"use strict\";\n\t\t\tvar masterslider_99b5 = new MasterSlider();\n\n\t\t\t\/\/ slider controls\n\t\t\tmasterslider_99b5.control('thumblist'  ,{ autohide:false, overVideo:true, dir:'h', speed:17, inset:false, arrows:false, hover:false, customClass:'', align:'bottom',type:'thumbs', margin:5, width:200, height:200, space:5, fillMode:'fill' , hideUnder:600 });\n\t\t\t\/\/ slider setup\n\t\t\tmasterslider_99b5.setup(\"MS6a04767c299b5\", {\n\t\t\t\twidth           : 1500,\n\t\t\t\theight          : 1000,\n\t\t\t\tminHeight       : 0,\n\t\t\t\tspace           : 0,\n\t\t\t\tstart           : 1,\n\t\t\t\tgrabCursor      : true,\n\t\t\t\tswipe           : true,\n\t\t\t\tmouse           : true,\n\t\t\t\tkeyboard        : false,\n\t\t\t\tlayout          : \"boxed\",\n\t\t\t\twheel           : false,\n\t\t\t\tautoplay        : true,\n                instantStartLayers:false,\n\t\t\t\tmobileBGVideo:false,\n\t\t\t\tloop            : true,\n\t\t\t\tshuffle         : false,\n\t\t\t\tpreload         : 0,\n\t\t\t\theightLimit     : true,\n\t\t\t\tautoHeight      : false,\n\t\t\t\tsmoothHeight    : true,\n\t\t\t\tendPause        : false,\n\t\t\t\toverPause       : true,\n\t\t\t\tfillMode        : \"fill\",\n\t\t\t\tcenterControls  : true,\n\t\t\t\tstartOnAppear   : false,\n\t\t\t\tlayersMode      : \"center\",\n\t\t\t\tautofillTarget  : \"\",\n\t\t\t\thideLayers      : false,\n\t\t\t\tfullscreenMargin: 0,\n\t\t\t\tspeed           : 20,\n\t\t\t\tdir             : \"h\",\n\t\t\t\tresponsive      : true,\n\t\t\t\ttabletWidth     : 768,\n\t\t\t\ttabletHeight    : null,\n\t\t\t\tphoneWidth      : 480,\n\t\t\t\tphoneHeight    : null,\n\t\t\t\tsizingReference : window,\n\t\t\t\tparallaxMode    : 'swipe',\n\t\t\t\tview            : \"basic\"\n\t\t\t});\n\n\t\t\t\n\t\t\twindow.masterslider_instances = window.masterslider_instances || [];\n\t\t\twindow.masterslider_instances.push( masterslider_99b5 );\n\t\t});\n\t\t<\/script>\n\n\n<\/div><\/div><\/div><\/div><div class=\"wpb_column vc_column_container us_custom_6e4478d3 has_bg_color\"><div class=\"vc_column-inner\"><div class=\"wpb_text_column us_custom_0269de41\"><div class=\"wpb_wrapper\"><p><span style=\"font-family: arial, helvetica, sans-serif; font-size: 18pt; color: #d0bb79;\">Campingst\u00fcberl &amp; Terrasse<\/span><\/p>\n<p><span style=\"font-family: arial, helvetica, sans-serif;\">Gem\u00fctlicher Aufenthaltsraum mit gratis Wlan, TV, Minimarkt und Spielger\u00e4ten. Die gro\u00dfz\u00fcgige Terrasse, teils \u00fcberdacht ladet zum Verweilen ein.<\/span><\/p>\n<\/div><\/div><\/div><\/div><\/div><\/div><\/section><section class=\"l-section wpb_row us_custom_dfddb007 height_custom\"><div class=\"l-section-h i-cf\"><div class=\"g-cols vc_row via_grid cols_1 laptops-cols_inherit tablets-cols_inherit mobiles-cols_1 valign_top type_default stacking_default\"><div class=\"wpb_column vc_column_container us_custom_6e4478d3  hide_on_default hide_on_laptops hide_on_tablets has_bg_color\"><div class=\"vc_column-inner\"><div class=\"wpb_text_column us_custom_f48d39bd\"><div class=\"wpb_wrapper\">\n\t\t<!-- MasterSlider -->\n\t\t<div id=\"P_MS6a04767c2df5e\" class=\"master-slider-parent ms-parent-id-34\" style=\"max-width:1500px;\" >\n\n\t\t\t\n\t\t\t<!-- MasterSlider Main -->\n\t\t\t<div id=\"MS6a04767c2df5e\" class=\"master-slider ms-skin-default\" >\n\t\t\t\t \t\t\t\t \n\n\t\t\t<div  class=\"ms-slide\" data-delay=\"3\" data-fill-mode=\"fill\"   >\n\t\t\t\t\t<img decoding=\"async\" src=\"https:\/\/www.fernsteinsee.at\/info\/wp-content\/plugins\/masterslider\/public\/assets\/css\/blank.gif\" alt=\"\" title=\"1\" data-src=\"https:\/\/www.fernsteinsee.at\/info\/wp-content\/uploads\/2022\/06\/1-2.jpg\" \/>\n\n\n\t<img decoding=\"async\" class=\"ms-thumb\" src=\"https:\/\/www.fernsteinsee.at\/info\/wp-content\/uploads\/2022\/06\/1-2-200x200.jpg\" alt=\"\" \/>\n\t\t\t\t<\/div>\n\t\t\t<div  class=\"ms-slide\" data-delay=\"3\" data-fill-mode=\"fill\"   >\n\t\t\t\t\t<img decoding=\"async\" src=\"https:\/\/www.fernsteinsee.at\/info\/wp-content\/plugins\/masterslider\/public\/assets\/css\/blank.gif\" alt=\"\" title=\"3\" data-src=\"https:\/\/www.fernsteinsee.at\/info\/wp-content\/uploads\/2022\/06\/3-1.jpg\" \/>\n\n\n\t<img decoding=\"async\" class=\"ms-thumb\" src=\"https:\/\/www.fernsteinsee.at\/info\/wp-content\/uploads\/2022\/06\/3-1-200x200.jpg\" alt=\"\" \/>\n\t\t\t\t<\/div>\n\t\t\t<div  class=\"ms-slide\" data-delay=\"3\" data-fill-mode=\"fill\"   >\n\t\t\t\t\t<img decoding=\"async\" src=\"https:\/\/www.fernsteinsee.at\/info\/wp-content\/plugins\/masterslider\/public\/assets\/css\/blank.gif\" alt=\"\" title=\"4\" data-src=\"https:\/\/www.fernsteinsee.at\/info\/wp-content\/uploads\/2022\/06\/4-1.jpg\" \/>\n\n\n\t<img decoding=\"async\" class=\"ms-thumb\" src=\"https:\/\/www.fernsteinsee.at\/info\/wp-content\/uploads\/2022\/06\/4-1-200x200.jpg\" alt=\"\" \/>\n\t\t\t\t<\/div>\n\t\t\t<div  class=\"ms-slide\" data-delay=\"3\" data-fill-mode=\"fill\"   >\n\t\t\t\t\t<img decoding=\"async\" src=\"https:\/\/www.fernsteinsee.at\/info\/wp-content\/plugins\/masterslider\/public\/assets\/css\/blank.gif\" alt=\"\" title=\"5\" data-src=\"https:\/\/www.fernsteinsee.at\/info\/wp-content\/uploads\/2022\/06\/5-1.jpg\" \/>\n\n\n\t<img decoding=\"async\" class=\"ms-thumb\" src=\"https:\/\/www.fernsteinsee.at\/info\/wp-content\/uploads\/2022\/06\/5-1-200x200.jpg\" alt=\"\" \/>\n\t\t\t\t<\/div>\n\t\t\t<div  class=\"ms-slide\" data-delay=\"3\" data-fill-mode=\"fill\"   >\n\t\t\t\t\t<img decoding=\"async\" src=\"https:\/\/www.fernsteinsee.at\/info\/wp-content\/plugins\/masterslider\/public\/assets\/css\/blank.gif\" alt=\"\" title=\"6\" data-src=\"https:\/\/www.fernsteinsee.at\/info\/wp-content\/uploads\/2022\/06\/6-1.jpg\" \/>\n\n\n\t<img decoding=\"async\" class=\"ms-thumb\" src=\"https:\/\/www.fernsteinsee.at\/info\/wp-content\/uploads\/2022\/06\/6-1-200x200.jpg\" alt=\"\" \/>\n\t\t\t\t<\/div>\n\t\t\t<div  class=\"ms-slide\" data-delay=\"3\" data-fill-mode=\"fill\"   >\n\t\t\t\t\t<img decoding=\"async\" src=\"https:\/\/www.fernsteinsee.at\/info\/wp-content\/plugins\/masterslider\/public\/assets\/css\/blank.gif\" alt=\"\" title=\"8\" data-src=\"https:\/\/www.fernsteinsee.at\/info\/wp-content\/uploads\/2022\/06\/8-1.jpg\" \/>\n\n\n\t<img decoding=\"async\" class=\"ms-thumb\" src=\"https:\/\/www.fernsteinsee.at\/info\/wp-content\/uploads\/2022\/06\/8-1-200x200.jpg\" alt=\"\" \/>\n\t\t\t\t<\/div>\n\t\t\t<div  class=\"ms-slide\" data-delay=\"3\" data-fill-mode=\"fill\"   >\n\t\t\t\t\t<img decoding=\"async\" src=\"https:\/\/www.fernsteinsee.at\/info\/wp-content\/plugins\/masterslider\/public\/assets\/css\/blank.gif\" alt=\"\" title=\"bluehende-baeume\" data-src=\"https:\/\/www.fernsteinsee.at\/info\/wp-content\/uploads\/2022\/06\/bluehende-baeume.jpg\" \/>\n\n\n\t<img decoding=\"async\" class=\"ms-thumb\" src=\"https:\/\/www.fernsteinsee.at\/info\/wp-content\/uploads\/2022\/06\/bluehende-baeume-200x200.jpg\" alt=\"\" \/>\n\t\t\t\t<\/div>\n\t\t\t<div  class=\"ms-slide\" data-delay=\"3\" data-fill-mode=\"fill\"   >\n\t\t\t\t\t<img decoding=\"async\" src=\"https:\/\/www.fernsteinsee.at\/info\/wp-content\/plugins\/masterslider\/public\/assets\/css\/blank.gif\" alt=\"\" title=\"img_9041\" data-src=\"https:\/\/www.fernsteinsee.at\/info\/wp-content\/uploads\/2022\/06\/img_9041.jpg\" \/>\n\n\n\t<img decoding=\"async\" class=\"ms-thumb\" src=\"https:\/\/www.fernsteinsee.at\/info\/wp-content\/uploads\/2022\/06\/img_9041-200x200.jpg\" alt=\"\" \/>\n\t\t\t\t<\/div>\n\t\t\t<div  class=\"ms-slide\" data-delay=\"3\" data-fill-mode=\"fill\"   >\n\t\t\t\t\t<img decoding=\"async\" src=\"https:\/\/www.fernsteinsee.at\/info\/wp-content\/plugins\/masterslider\/public\/assets\/css\/blank.gif\" alt=\"\" title=\"oberer-stellplatz\" data-src=\"https:\/\/www.fernsteinsee.at\/info\/wp-content\/uploads\/2022\/06\/oberer-stellplatz.jpg\" \/>\n\n\n\t<img decoding=\"async\" class=\"ms-thumb\" src=\"https:\/\/www.fernsteinsee.at\/info\/wp-content\/uploads\/2022\/06\/oberer-stellplatz-200x200.jpg\" alt=\"\" \/>\n\t\t\t\t<\/div>\n\t\t\t<div  class=\"ms-slide\" data-delay=\"3\" data-fill-mode=\"fill\"   >\n\t\t\t\t\t<img decoding=\"async\" src=\"https:\/\/www.fernsteinsee.at\/info\/wp-content\/plugins\/masterslider\/public\/assets\/css\/blank.gif\" alt=\"\" title=\"obere-stellplaetze\" data-src=\"https:\/\/www.fernsteinsee.at\/info\/wp-content\/uploads\/2022\/06\/obere-stellplaetze.jpg\" \/>\n\n\n\t<img decoding=\"async\" class=\"ms-thumb\" src=\"https:\/\/www.fernsteinsee.at\/info\/wp-content\/uploads\/2022\/06\/obere-stellplaetze-200x200.jpg\" alt=\"\" \/>\n\t\t\t\t<\/div>\n\t\t\t<div  class=\"ms-slide\" data-delay=\"3\" data-fill-mode=\"fill\"   >\n\t\t\t\t\t<img decoding=\"async\" src=\"https:\/\/www.fernsteinsee.at\/info\/wp-content\/plugins\/masterslider\/public\/assets\/css\/blank.gif\" alt=\"\" title=\"stellplaetze\" data-src=\"https:\/\/www.fernsteinsee.at\/info\/wp-content\/uploads\/2022\/06\/stellplaetze.jpg\" \/>\n\n\n\t<img decoding=\"async\" class=\"ms-thumb\" src=\"https:\/\/www.fernsteinsee.at\/info\/wp-content\/uploads\/2022\/06\/stellplaetze-200x200.jpg\" alt=\"\" \/>\n\t\t\t\t<\/div>\n\t\t\t<div  class=\"ms-slide\" data-delay=\"3\" data-fill-mode=\"fill\"   >\n\t\t\t\t\t<img decoding=\"async\" src=\"https:\/\/www.fernsteinsee.at\/info\/wp-content\/plugins\/masterslider\/public\/assets\/css\/blank.gif\" alt=\"\" title=\"stellplatz_brunnen\" data-src=\"https:\/\/www.fernsteinsee.at\/info\/wp-content\/uploads\/2022\/06\/stellplatz_brunnen.jpg\" \/>\n\n\n\t<img decoding=\"async\" class=\"ms-thumb\" src=\"https:\/\/www.fernsteinsee.at\/info\/wp-content\/uploads\/2022\/06\/stellplatz_brunnen-200x200.jpg\" alt=\"\" \/>\n\t\t\t\t<\/div>\n\n\t\t\t<\/div>\n\t\t\t<!-- END MasterSlider Main -->\n\n\t\t\t \n\t\t<\/div>\n\t\t<!-- END MasterSlider -->\n\n\t\t<script>\n\t\t( window.MSReady = window.MSReady || [] ).push( function( $ ) {\n\n\t\t\t\"use strict\";\n\t\t\tvar masterslider_df5e = new MasterSlider();\n\n\t\t\t\/\/ slider controls\n\t\t\tmasterslider_df5e.control('thumblist'  ,{ autohide:false, overVideo:true, dir:'h', speed:17, inset:false, arrows:false, hover:false, customClass:'', align:'bottom',type:'thumbs', margin:5, width:200, height:200, space:5, fillMode:'fill' , hideUnder:600 });\n\t\t\t\/\/ slider setup\n\t\t\tmasterslider_df5e.setup(\"MS6a04767c2df5e\", {\n\t\t\t\twidth           : 1500,\n\t\t\t\theight          : 1000,\n\t\t\t\tminHeight       : 0,\n\t\t\t\tspace           : 0,\n\t\t\t\tstart           : 1,\n\t\t\t\tgrabCursor      : true,\n\t\t\t\tswipe           : true,\n\t\t\t\tmouse           : true,\n\t\t\t\tkeyboard        : false,\n\t\t\t\tlayout          : \"boxed\",\n\t\t\t\twheel           : false,\n\t\t\t\tautoplay        : true,\n                instantStartLayers:false,\n\t\t\t\tmobileBGVideo:false,\n\t\t\t\tloop            : true,\n\t\t\t\tshuffle         : false,\n\t\t\t\tpreload         : 0,\n\t\t\t\theightLimit     : true,\n\t\t\t\tautoHeight      : false,\n\t\t\t\tsmoothHeight    : true,\n\t\t\t\tendPause        : false,\n\t\t\t\toverPause       : true,\n\t\t\t\tfillMode        : \"fill\",\n\t\t\t\tcenterControls  : true,\n\t\t\t\tstartOnAppear   : false,\n\t\t\t\tlayersMode      : \"center\",\n\t\t\t\tautofillTarget  : \"\",\n\t\t\t\thideLayers      : false,\n\t\t\t\tfullscreenMargin: 0,\n\t\t\t\tspeed           : 20,\n\t\t\t\tdir             : \"h\",\n\t\t\t\tresponsive      : true,\n\t\t\t\ttabletWidth     : 768,\n\t\t\t\ttabletHeight    : null,\n\t\t\t\tphoneWidth      : 480,\n\t\t\t\tphoneHeight    : null,\n\t\t\t\tsizingReference : window,\n\t\t\t\tparallaxMode    : 'swipe',\n\t\t\t\tview            : \"basic\"\n\t\t\t});\n\n\t\t\t\n\t\t\twindow.masterslider_instances = window.masterslider_instances || [];\n\t\t\twindow.masterslider_instances.push( masterslider_df5e );\n\t\t});\n\t\t<\/script>\n\n\n<\/div><\/div><\/div><\/div><\/div><\/div><\/section>\n<\/div>","protected":false},"excerpt":{"rendered":"Campingst\u00fcberl &amp; Terrasse Gem\u00fctlicher Aufenthaltsraum mit gratis Wlan, TV, Minimarkt und Spielger\u00e4ten. Die gro\u00dfz\u00fcgige Terrasse, teils \u00fcberdacht ladet zum Verweilen ein.","protected":false},"author":1,"featured_media":0,"parent":0,"menu_order":0,"comment_status":"closed","ping_status":"closed","template":"","meta":{"_monsterinsights_skip_tracking":false,"_monsterinsights_sitenote_active":false,"_monsterinsights_sitenote_note":"","_monsterinsights_sitenote_category":0,"footnotes":""},"class_list":["post-883","page","type-page","status-publish","hentry"],"_links":{"self":[{"href":"https:\/\/www.fernsteinsee.at\/info\/wp-json\/wp\/v2\/pages\/883","targetHints":{"allow":["GET"]}}],"collection":[{"href":"https:\/\/www.fernsteinsee.at\/info\/wp-json\/wp\/v2\/pages"}],"about":[{"href":"https:\/\/www.fernsteinsee.at\/info\/wp-json\/wp\/v2\/types\/page"}],"author":[{"embeddable":true,"href":"https:\/\/www.fernsteinsee.at\/info\/wp-json\/wp\/v2\/users\/1"}],"replies":[{"embeddable":true,"href":"https:\/\/www.fernsteinsee.at\/info\/wp-json\/wp\/v2\/comments?post=883"}],"version-history":[{"count":1,"href":"https:\/\/www.fernsteinsee.at\/info\/wp-json\/wp\/v2\/pages\/883\/revisions"}],"predecessor-version":[{"id":4855,"href":"https:\/\/www.fernsteinsee.at\/info\/wp-json\/wp\/v2\/pages\/883\/revisions\/4855"}],"wp:attachment":[{"href":"https:\/\/www.fernsteinsee.at\/info\/wp-json\/wp\/v2\/media?parent=883"}],"curies":[{"name":"wp","href":"https:\/\/api.w.org\/{rel}","templated":true}]}}